{"id":10620,"date":"2022-02-25T10:38:13","date_gmt":"2022-02-25T09:38:13","guid":{"rendered":"https:\/\/www.letregrazie.it\/dove-siamo\/"},"modified":"2022-03-21T18:56:40","modified_gmt":"2022-03-21T17:56:40","slug":"position","status":"publish","type":"page","link":"https:\/\/www.letregrazie.it\/de\/position\/","title":{"rendered":"Position"},"content":{"rendered":"<p>[vc_row content_placement=&#8220;middle&#8220; row_content_width=&#8220;grid&#8220; css=&#8220;.vc_custom_1645782526299{padding-top: 50px !important;}&#8220;][vc_column]<div class=\"eltd-elements-holder   eltd-one-column  eltd-responsive-mode-768 \" ><div class=\"eltd-eh-item   eltd-horizontal-alignment-center \"  data-item-class=\"eltd-eh-custom-4179\">\n\t<div class=\"eltd-eh-item-inner\">\n\t\t<div class=\"eltd-eh-item-content eltd-eh-custom-4179\" >\n\t\t\t[vc_column_text]<\/p>\n<p style=\"text-align: left;\">Der Hof befindet sich in einer strategisch g\u00fcnstigen Lage, nur 4 km vom Flughafen Alghero entfernt. Etwa 8 km weiter liegt die herrliche Bucht von Porto Conte und anschlie\u00dfend das Kap Capo Caccia, auf dem Wanderungen sowie die Via ferrata del Cabriol unternommen werden k\u00f6nnen, mit Blick auf die Isola Piana, die gegen\u00fcber der Neptunsh\u00f6hle liegt. Ebenfalls nur 8 km entfernt befindet sich die naturbelassene Bucht von Porto Ferro, mit weitl\u00e4ufigen Str\u00e4nden und Pinienw\u00e4ldern. Hier kann man skysurfen, windsurfen und Reitausfl\u00fcge unternehmen. Etwa 14 km entfernt erwartet einen die malerische Stadt Alghero, reich an Kultur und Geschichte, bekannt f\u00fcr ihre rote Koralle und einziger katalanischer Ort in Sardinien. In einer Entfernung von etwa 10 km befinden sich Zeugnisse aus der Fr\u00fchgeschichte, die nuraghische Anlage von Palmavera und die Nekropole von Anghelu Ruiu. Bis nach Stintino, direkt vor dem Naturpark der Insel Asinara gelegen, sind es etwa 40 km.<br \/>\nIn der N\u00e4he des Hofes befindet sich Santa Maria La Palma, das alle wesentlichen Serviceleistungen bietet.<\/p>\n<p>[\/vc_column_text][vc_empty_space][vc_gallery type=&#8220;image_grid&#8220; images=&#8220;10875,10870,10865&#8243; img_size=&#8220;full &#8220; onclick=&#8220;&#8220;][vc_empty_space height=&#8220;50px&#8220;]\t\t<\/div>\n\t<\/div>\n<\/div><\/div>[\/vc_column][\/vc_row][vc_row row_content_width=&#8220;grid&#8220; css=&#8220;.vc_custom_1645783061838{padding-top: 20px !important;padding-bottom: 20px !important;}&#8220;][vc_column width=&#8220;1\/3&#8243;]<div class=\"eltd-elements-holder   eltd-one-column  eltd-responsive-mode-768 \" ><div class=\"eltd-eh-item    \"  data-item-class=\"eltd-eh-custom-2844\" data-768-1024=\"0 14% 0 0\">\n\t<div class=\"eltd-eh-item-inner\">\n\t\t<div class=\"eltd-eh-item-content eltd-eh-custom-2844\" style=\"padding: 0 0 0 0\">\n\t\t\t[vc_single_image image=&#8220;5441&#8243; img_size=&#8220;large&#8220; onclick=&#8220;custom_link&#8220; link=&#8220;http:\/\/www.traghettilines.it\/it\/traghetti-sardegna.aspx?AID=30642&amp;iframe_booking=true&#8220;][vc_empty_space height=&#8220;15px&#8220;][vc_column_text]Con Traghettilines puoi prenotare e acquistare i biglietti dei\u00a0<strong>traghetti per la Sardegna<\/strong>\u00a0che coprono le linee marittime verso tale regione[\/vc_column_text]\t\t<\/div>\n\t<\/div>\n<\/div><\/div>[vc_empty_space height=&#8220;40px&#8220;][\/vc_column][vc_column width=&#8220;2\/3&#8243;]<div class=\"eltd-elements-holder   eltd-one-column  eltd-responsive-mode-768 \" ><div class=\"eltd-eh-item    \"  data-item-class=\"eltd-eh-custom-7290\" data-1024-1280=\"20px 30px 0 0px\">\n\t<div class=\"eltd-eh-item-inner\">\n\t\t<div class=\"eltd-eh-item-content eltd-eh-custom-7290\" >\n\t\t\t[vc_raw_html]JTNDZGl2JTIwc3R5bGUlM0QlMjJtYXJnaW4tbGVmdCUzQSUyMGF1dG8lM0IlMjBtYXJnaW4tcmlnaHQlM0ElMjBhdXRvJTNCJTIwd2lkdGglM0ElMjA3NDBweCUzQiUyMG1heC13aWR0aCUzQSUyMDc0MHB4JTNCJTIyJTNFJTNDaWZyYW1lJTIwaWQlM0QlMjJ0bGluZXMlMjIlMjBjbGFzcyUzRCUyMnRsaW5lc19mcmFtZSUyMiUyMHN0eWxlJTNEJTIyYm9yZGVyJTNBJTIwMHB4JTNCJTIwd2lkdGglM0ElMjAxMDAlMjUlM0IlMjIlMjBzcmMlM0QlMjJodHRwcyUzQSUyRiUyRnd3dy50cmFnaGV0dGktc2VydmljZS5pdCUyRmZyaW5kZXgucGhwJTNGZG9taW5pbyUzRHRyYWdoZXR0aS1zYXJkZWduYS5pdCUyNmFtcCUzQmRlc3RpbmF6aW9uZSUzRDElMjZhbXAlM0JVQUlEJTNEMzA2NDIlMjZhbXAlM0JBSUQlM0QzMDY0MiUyNmFtcCUzQlVJRCUzRDAlMjZhbXAlM0JpZnJhbWUlM0R0cnVlJTI2YW1wJTNCY29kaWNlJTNEdHJ1ZSUyNmxhbmd1YWdlJTNEZGUlMjIlMjBzY3JvbGxpbmclM0QlMjJubyUyMiUzRSUzQyUyRmlmcmFtZSUzRSUwQSUzQ3NjcmlwdCUyMHR5cGUlM0QlMjJ0ZXh0JTJGamF2YXNjcmlwdCUyMiUyMHNyYyUzRCUyMiUyRiUyRnd3dy50cmFnaGV0dGlsaW5lcy5pdCUyRkFqYXglMkZ0bGluZXNfcmVzcF92Mi5qcyUyMiUzRSUzQyUyRnNjcmlwdCUzRSUzQyUyRmRpdiUzRQ==[\/vc_raw_html]\t\t<\/div>\n\t<\/div>\n<\/div><\/div>[vc_empty_space height=&#8220;40px&#8220;][\/vc_column][\/vc_row][vc_row row_content_width=&#8220;grid&#8220; css=&#8220;.vc_custom_1645783040410{padding-top: 20px !important;padding-bottom: 20px !important;}&#8220;][vc_column width=&#8220;1\/3&#8243;]<div class=\"eltd-elements-holder   eltd-one-column  eltd-responsive-mode-768 \" ><div class=\"eltd-eh-item    \"  data-item-class=\"eltd-eh-custom-9518\" data-768-1024=\"0 5px 0 0\">\n\t<div class=\"eltd-eh-item-inner\">\n\t\t<div class=\"eltd-eh-item-content eltd-eh-custom-9518\" >\n\t\t\t[vc_single_image image=&#8220;5534&#8243; img_size=&#8220;large&#8220; css=&#8220;.vc_custom_1646147400060{padding-right: 0px !important;}&#8220;]\t\t<\/div>\n\t<\/div>\n<\/div><\/div>[vc_empty_space height=&#8220;40px&#8220;][\/vc_column][vc_column width=&#8220;2\/3&#8243;]<div class=\"eltd-elements-holder   eltd-one-column  eltd-responsive-mode-768 \" ><div class=\"eltd-eh-item    \"  data-item-class=\"eltd-eh-custom-5688\" data-1024-1280=\"20px 30px 0 0px\">\n\t<div class=\"eltd-eh-item-inner\">\n\t\t<div class=\"eltd-eh-item-content eltd-eh-custom-5688\" >\n\t\t\t[vc_column_text]<span style=\"color: #80b500;\"><a style=\"color: #80b500;\" href=\"http:\/\/www.ferratacabirol.it\/\" target=\"_blank\" rel=\"noopener\">Via Ferrata del Cabirol<\/a><\/span>[\/vc_column_text][vc_column_text]Il percorso della via ferrata si sviluppa interamente in traverso lungo una serie di enormi cenge naturali che talvolta si restringono fin quasi a scomparire. La ferrata \u00e8 percorribile indifferentemente partendo dalla cengia bassa come da quella alta.[\/vc_column_text]\t\t<\/div>\n\t<\/div>\n<\/div><\/div>[\/vc_column][\/vc_row][vc_row row_content_width=&#8220;grid&#8220; css=&#8220;.vc_custom_1645783040410{padding-top: 20px !important;padding-bottom: 20px !important;}&#8220;][vc_column width=&#8220;1\/3&#8243;]<div class=\"eltd-elements-holder   eltd-one-column  eltd-responsive-mode-768 \" ><div class=\"eltd-eh-item    \"  data-item-class=\"eltd-eh-custom-9656\" data-768-1024=\"0 5px 0 0\">\n\t<div class=\"eltd-eh-item-inner\">\n\t\t<div class=\"eltd-eh-item-content eltd-eh-custom-9656\" >\n\t\t\t[vc_single_image image=&#8220;5446&#8243; img_size=&#8220;large&#8220; css=&#8220;.vc_custom_1646147415018{padding-right: 0px !important;}&#8220;]\t\t<\/div>\n\t<\/div>\n<\/div><\/div>[vc_empty_space height=&#8220;40px&#8220;][\/vc_column][vc_column width=&#8220;2\/3&#8243;]<div class=\"eltd-elements-holder   eltd-one-column  eltd-responsive-mode-768 \" ><div class=\"eltd-eh-item    \"  data-item-class=\"eltd-eh-custom-2568\" data-1024-1280=\"20px 30px 0 0px\">\n\t<div class=\"eltd-eh-item-inner\">\n\t\t<div class=\"eltd-eh-item-content eltd-eh-custom-2568\" >\n\t\t\t[vc_column_text]<span style=\"color: #80b500;\"><a style=\"color: #80b500;\" href=\"http:\/\/diving.capogalera.com\/default.aspx?ver=it\/\" target=\"_blank\" rel=\"noopener\">Diving Capo Galera<\/a><\/span>[\/vc_column_text][vc_column_text]Il Diving si trova a Capo Galera, su un promontorio al centro del golfo di Alghero, in mezzo alla macchia mediterranea, in una villa bianca sulla scogliera, meglio nota come \u201cLa villa dell\u2019Olandese\u201d.[\/vc_column_text]\t\t<\/div>\n\t<\/div>\n<\/div><\/div>[\/vc_column][\/vc_row][vc_row][vc_column][vc_empty_space height=&#8220;100px&#8220;][\/vc_column][\/vc_row][vc_row full_width=&#8220;stretch_row&#8220; content_placement=&#8220;middle&#8220; simple_background_color=&#8220;#ffffff&#8220;][vc_column width=&#8220;1\/4&#8243;][vc_empty_space][vc_row_inner content_placement=&#8220;middle&#8220;][vc_column_inner width=&#8220;1\/2&#8243;][vc_single_image image=&#8220;5442&#8243; alignment=&#8220;center&#8220; onclick=&#8220;custom_link&#8220; img_link_target=&#8220;_blank&#8220; link=&#8220;https:\/\/www.trivago.it\/it\/srl\/bed-breakfast-le-tre-grazie-alghero?search=100-1117775;dr-20220228-20220301&#8243;][\/vc_column_inner][vc_column_inner width=&#8220;1\/2&#8243;][vc_single_image image=&#8220;5452&#8243; alignment=&#8220;center&#8220; onclick=&#8220;custom_link&#8220; img_link_target=&#8220;_blank&#8220; link=&#8220;https:\/\/www.tripadvisor.it\/Hotel_Review-g2301687-d1606646-Reviews-Agriturismo_Le_Tre_Grazie-Santa_Maria_La_Palma_Alghero_Province_of_Sassari_Sardinia.html&#8220;][\/vc_column_inner][\/vc_row_inner][vc_empty_space][\/vc_column][vc_column width=&#8220;1\/4&#8243;][vc_empty_space][vc_row_inner content_placement=&#8220;middle&#8220;][vc_column_inner width=&#8220;1\/2&#8243;][vc_single_image image=&#8220;5436&#8243; alignment=&#8220;center&#8220; onclick=&#8220;custom_link&#8220; img_link_target=&#8220;_blank&#8220; link=&#8220;http:\/\/www.asinaraviva.it&#8220;][\/vc_column_inner][vc_column_inner width=&#8220;1\/2&#8243;][vc_single_image image=&#8220;5435&#8243; alignment=&#8220;center&#8220; onclick=&#8220;custom_link&#8220; img_link_target=&#8220;_blank&#8220; link=&#8220;http:\/\/www.asinara4x4.com&#8220;][\/vc_column_inner][\/vc_row_inner][vc_empty_space][\/vc_column][vc_column width=&#8220;1\/4&#8243;][vc_empty_space][vc_row_inner content_placement=&#8220;middle&#8220;][vc_column_inner width=&#8220;1\/2&#8243;][vc_single_image image=&#8220;5439&#8243; alignment=&#8220;center&#8220; onclick=&#8220;custom_link&#8220; img_link_target=&#8220;_blank&#8220; link=&#8220;http:\/\/www.dogsitter.it&#8220;][\/vc_column_inner][vc_column_inner width=&#8220;1\/2&#8243;][vc_single_image image=&#8220;5445&#8243; alignment=&#8220;center&#8220; onclick=&#8220;custom_link&#8220; img_link_target=&#8220;_blank&#8220; link=&#8220;http:\/\/www.topbnb.it&#8220;][\/vc_column_inner][\/vc_row_inner][vc_empty_space][\/vc_column][vc_column width=&#8220;1\/4&#8243;][vc_empty_space][vc_row_inner content_placement=&#8220;middle&#8220;][vc_column_inner width=&#8220;1\/2&#8243;][vc_single_image image=&#8220;5443&#8243; alignment=&#8220;center&#8220; onclick=&#8220;custom_link&#8220; img_link_target=&#8220;_blank&#8220; link=&#8220;http:\/\/www.lovelyitalia.it&#8220;][\/vc_column_inner][vc_column_inner width=&#8220;1\/2&#8243;][vc_single_image image=&#8220;5434&#8243; alignment=&#8220;center&#8220; onclick=&#8220;custom_link&#8220; img_link_target=&#8220;_blank&#8220; link=&#8220;https:\/\/www.agriturismo.it\/it\/agriturismi\/sardegna\/sassari\/LeTreGrazie-3140964\/index.html&#8220;][\/vc_column_inner][\/vc_row_inner][vc_empty_space][\/vc_column][\/vc_row]<\/p>\n","protected":false},"excerpt":{"rendered":"<p>[vc_row content_placement=&#8220;middle&#8220; row_content_width=&#8220;grid&#8220; css=&#8220;.vc_custom_1645782526299{padding-top: 50px !important;}&#8220;][vc_column][\/vc_column][\/vc_row][vc_row row_content_width=&#8220;grid&#8220; css=&#8220;.vc_custom_1645783061838{padding-top: 20px !important;padding-bottom: 20px !important;}&#8220;][vc_column width=&#8220;1\/3&#8243;][vc_empty_space height=&#8220;40px&#8220;][\/vc_column][vc_column width=&#8220;2\/3&#8243;][vc_empty_space height=&#8220;40px&#8220;][\/vc_column][\/vc_row][vc_row row_content_width=&#8220;grid&#8220; css=&#8220;.vc_custom_1645783040410{padding-top: 20px [&hellip;]<\/p>\n","protected":false},"author":1,"featured_media":0,"parent":0,"menu_order":0,"comment_status":"closed","ping_status":"closed","template":"full-width.php","meta":{"footnotes":""},"class_list":["post-10620","page","type-page","status-publish","hentry"],"yoast_head":"<!-- This site is optimized with the Yoast SEO plugin v24.0 - https:\/\/yoast.com\/wordpress\/plugins\/seo\/ -->\n<title>Position - Le Tre Grazie<\/title>\n<meta name=\"robots\" content=\"index, follow, max-snippet:-1, max-image-preview:large, max-video-preview:-1\" \/>\n<link rel=\"canonical\" href=\"https:\/\/www.letregrazie.it\/de\/position\/\" \/>\n<meta property=\"og:locale\" content=\"de_DE\" \/>\n<meta property=\"og:type\" content=\"article\" \/>\n<meta property=\"og:title\" content=\"Position - Le Tre Grazie\" \/>\n<meta property=\"og:description\" content=\"[vc_row content_placement=&#8220;middle&#8220; row_content_width=&#8220;grid&#8220; css=&#8220;.vc_custom_1645782526299{padding-top: 50px !important;}&#8220;][vc_column][\/vc_column][\/vc_row][vc_row row_content_width=&#8220;grid&#8220; css=&#8220;.vc_custom_1645783061838{padding-top: 20px !important;padding-bottom: 20px !important;}&#8220;][vc_column width=&#8220;1\/3&#8243;][vc_empty_space height=&#8220;40px&#8220;][\/vc_column][vc_column width=&#8220;2\/3&#8243;][vc_empty_space height=&#8220;40px&#8220;][\/vc_column][\/vc_row][vc_row row_content_width=&#8220;grid&#8220; css=&#8220;.vc_custom_1645783040410{padding-top: 20px [&hellip;]\" \/>\n<meta property=\"og:url\" content=\"https:\/\/www.letregrazie.it\/de\/position\/\" \/>\n<meta property=\"og:site_name\" content=\"Le Tre Grazie\" \/>\n<meta property=\"article:modified_time\" content=\"2022-03-21T17:56:40+00:00\" \/>\n<meta name=\"twitter:card\" content=\"summary_large_image\" \/>\n<meta name=\"twitter:label1\" content=\"Gesch\u00e4tzte Lesezeit\" \/>\n\t<meta name=\"twitter:data1\" content=\"3\u00a0Minuten\" \/>\n<script type=\"application\/ld+json\" class=\"yoast-schema-graph\">{\"@context\":\"https:\/\/schema.org\",\"@graph\":[{\"@type\":\"WebPage\",\"@id\":\"https:\/\/www.letregrazie.it\/de\/position\/\",\"url\":\"https:\/\/www.letregrazie.it\/de\/position\/\",\"name\":\"Position - Le Tre Grazie\",\"isPartOf\":{\"@id\":\"https:\/\/www.letregrazie.it\/#website\"},\"datePublished\":\"2022-02-25T09:38:13+00:00\",\"dateModified\":\"2022-03-21T17:56:40+00:00\",\"breadcrumb\":{\"@id\":\"https:\/\/www.letregrazie.it\/de\/position\/#breadcrumb\"},\"inLanguage\":\"de\",\"potentialAction\":[{\"@type\":\"ReadAction\",\"target\":[\"https:\/\/www.letregrazie.it\/de\/position\/\"]}]},{\"@type\":\"BreadcrumbList\",\"@id\":\"https:\/\/www.letregrazie.it\/de\/position\/#breadcrumb\",\"itemListElement\":[{\"@type\":\"ListItem\",\"position\":1,\"name\":\"Home\",\"item\":\"https:\/\/www.letregrazie.it\/de\/\"},{\"@type\":\"ListItem\",\"position\":2,\"name\":\"Position\"}]},{\"@type\":\"WebSite\",\"@id\":\"https:\/\/www.letregrazie.it\/#website\",\"url\":\"https:\/\/www.letregrazie.it\/\",\"name\":\"Le Tre Grazie\",\"description\":\"\",\"potentialAction\":[{\"@type\":\"SearchAction\",\"target\":{\"@type\":\"EntryPoint\",\"urlTemplate\":\"https:\/\/www.letregrazie.it\/?s={search_term_string}\"},\"query-input\":{\"@type\":\"PropertyValueSpecification\",\"valueRequired\":true,\"valueName\":\"search_term_string\"}}],\"inLanguage\":\"de\"}]}<\/script>\n<!-- \/ Yoast SEO plugin. -->","yoast_head_json":{"title":"Position - Le Tre Grazie","robots":{"index":"index","follow":"follow","max-snippet":"max-snippet:-1","max-image-preview":"max-image-preview:large","max-video-preview":"max-video-preview:-1"},"canonical":"https:\/\/www.letregrazie.it\/de\/position\/","og_locale":"de_DE","og_type":"article","og_title":"Position - Le Tre Grazie","og_description":"[vc_row content_placement=&#8220;middle&#8220; row_content_width=&#8220;grid&#8220; css=&#8220;.vc_custom_1645782526299{padding-top: 50px !important;}&#8220;][vc_column][\/vc_column][\/vc_row][vc_row row_content_width=&#8220;grid&#8220; css=&#8220;.vc_custom_1645783061838{padding-top: 20px !important;padding-bottom: 20px !important;}&#8220;][vc_column width=&#8220;1\/3&#8243;][vc_empty_space height=&#8220;40px&#8220;][\/vc_column][vc_column width=&#8220;2\/3&#8243;][vc_empty_space height=&#8220;40px&#8220;][\/vc_column][\/vc_row][vc_row row_content_width=&#8220;grid&#8220; css=&#8220;.vc_custom_1645783040410{padding-top: 20px [&hellip;]","og_url":"https:\/\/www.letregrazie.it\/de\/position\/","og_site_name":"Le Tre Grazie","article_modified_time":"2022-03-21T17:56:40+00:00","twitter_card":"summary_large_image","twitter_misc":{"Gesch\u00e4tzte Lesezeit":"3\u00a0Minuten"},"schema":{"@context":"https:\/\/schema.org","@graph":[{"@type":"WebPage","@id":"https:\/\/www.letregrazie.it\/de\/position\/","url":"https:\/\/www.letregrazie.it\/de\/position\/","name":"Position - Le Tre Grazie","isPartOf":{"@id":"https:\/\/www.letregrazie.it\/#website"},"datePublished":"2022-02-25T09:38:13+00:00","dateModified":"2022-03-21T17:56:40+00:00","breadcrumb":{"@id":"https:\/\/www.letregrazie.it\/de\/position\/#breadcrumb"},"inLanguage":"de","potentialAction":[{"@type":"ReadAction","target":["https:\/\/www.letregrazie.it\/de\/position\/"]}]},{"@type":"BreadcrumbList","@id":"https:\/\/www.letregrazie.it\/de\/position\/#breadcrumb","itemListElement":[{"@type":"ListItem","position":1,"name":"Home","item":"https:\/\/www.letregrazie.it\/de\/"},{"@type":"ListItem","position":2,"name":"Position"}]},{"@type":"WebSite","@id":"https:\/\/www.letregrazie.it\/#website","url":"https:\/\/www.letregrazie.it\/","name":"Le Tre Grazie","description":"","potentialAction":[{"@type":"SearchAction","target":{"@type":"EntryPoint","urlTemplate":"https:\/\/www.letregrazie.it\/?s={search_term_string}"},"query-input":{"@type":"PropertyValueSpecification","valueRequired":true,"valueName":"search_term_string"}}],"inLanguage":"de"}]}},"_links":{"self":[{"href":"https:\/\/www.letregrazie.it\/de\/wp-json\/wp\/v2\/pages\/10620","targetHints":{"allow":["GET"]}}],"collection":[{"href":"https:\/\/www.letregrazie.it\/de\/wp-json\/wp\/v2\/pages"}],"about":[{"href":"https:\/\/www.letregrazie.it\/de\/wp-json\/wp\/v2\/types\/page"}],"author":[{"embeddable":true,"href":"https:\/\/www.letregrazie.it\/de\/wp-json\/wp\/v2\/users\/1"}],"replies":[{"embeddable":true,"href":"https:\/\/www.letregrazie.it\/de\/wp-json\/wp\/v2\/comments?post=10620"}],"version-history":[{"count":4,"href":"https:\/\/www.letregrazie.it\/de\/wp-json\/wp\/v2\/pages\/10620\/revisions"}],"predecessor-version":[{"id":10882,"href":"https:\/\/www.letregrazie.it\/de\/wp-json\/wp\/v2\/pages\/10620\/revisions\/10882"}],"wp:attachment":[{"href":"https:\/\/www.letregrazie.it\/de\/wp-json\/wp\/v2\/media?parent=10620"}],"curies":[{"name":"wp","href":"https:\/\/api.w.org\/{rel}","templated":true}]}}