{"id":10649,"date":"2022-02-25T11:20:59","date_gmt":"2022-02-25T10:20:59","guid":{"rendered":"https:\/\/www.letregrazie.it\/listino\/"},"modified":"2026-01-09T18:48:38","modified_gmt":"2026-01-09T17:48:38","slug":"preise","status":"publish","type":"page","link":"https:\/\/www.letregrazie.it\/de\/preise\/","title":{"rendered":"Preise"},"content":{"rendered":"<p>[vc_row gap=&#8220;10&#8243; content_placement=&#8220;top&#8220; row_content_width=&#8220;grid&#8220; css=&#8220;.vc_custom_1645785282591{padding-top: 40px !important;}&#8220;][vc_column]<div class=\"eltd-elements-holder   eltd-one-column  eltd-responsive-mode-768 \" ><div class=\"eltd-eh-item  eltd-vertical-alignment-top eltd-horizontal-alignment-center \"  data-item-class=\"eltd-eh-custom-6766\">\n\t<div class=\"eltd-eh-item-inner\">\n\t\t<div class=\"eltd-eh-item-content eltd-eh-custom-6766\" >\n\t\t\t\t\t<\/div>\n\t<\/div>\n<\/div><\/div>[\/vc_column][\/vc_row][vc_row gap=&#8220;10&#8243; content_placement=&#8220;top&#8220; row_content_width=&#8220;grid&#8220; css=&#8220;.vc_custom_1645785282591{padding-top: 40px !important;}&#8220;][vc_column]<div class=\"eltd-elements-holder   eltd-three-columns  eltd-responsive-mode-768 \" ><div class=\"eltd-eh-item  eltd-vertical-alignment-top  \"  data-item-class=\"eltd-eh-custom-4410\">\n\t<div class=\"eltd-eh-item-inner\">\n\t\t<div class=\"eltd-eh-item-content eltd-eh-custom-4410\" >\n\t\t\t<div class=\"eltd-iwt clearfix  eltd-iwt-icon-left eltd-iwt-icon-small \">\n\t<div class=\"eltd-iwt-icon\">\n\t\t\t\t\t\t\t\t\t    <span class=\"eltd-icon-shortcode eltd-normal   eltd-icon-small\"  >\n                    <i class=\"eltd-icon-font-awesome fa fa-building eltd-icon-element\" style=\"\" ><\/i>            <\/span>\n\t\t\t\t\t\t<\/div>\n\t<div class=\"eltd-iwt-content\" >\n\t\t\t\t\t<h4 class=\"eltd-iwt-title\" >\n\t\t\t\t\t\t\t\t<span class=\"eltd-iwt-title-text\">Preise pro Appartement<\/span>\n\t\t\t\t\t\t\t<\/h4>\n\t\t\t\t\t<\/div>\n<\/div>[vc_column_text css=&#8220;.vc_custom_1733418979667{padding-left: 45px !important;}&#8220;]<strong>Vorsaison<\/strong>: Aufenthalt mindestens 3 N\u00e4chte<br \/>\n<strong>Hochsaison<\/strong>: Aufenthalt mindestens 7 N\u00e4chte<\/p>\n<ul>\n<li>Ab \u20ac 80 bis \u20ac 150 pro Tag.<\/li>\n<li>Kontaktieren Sie direkt unseren Hof f\u00fcr einen pers\u00f6nlich gestalteten Kostenvoranschlag.<\/li>\n<\/ul>\n<p>[\/vc_column_text]\t\t<\/div>\n\t<\/div>\n<\/div><div class=\"eltd-eh-item  eltd-vertical-alignment-top  \"  data-item-class=\"eltd-eh-custom-5517\">\n\t<div class=\"eltd-eh-item-inner\">\n\t\t<div class=\"eltd-eh-item-content eltd-eh-custom-5517\" >\n\t\t\t<div class=\"eltd-iwt clearfix  eltd-iwt-icon-left eltd-iwt-icon-small \">\n\t<div class=\"eltd-iwt-icon\">\n\t\t\t\t\t\t\t\t\t    <span class=\"eltd-icon-shortcode eltd-normal   eltd-icon-small\"  >\n                    <i class=\"eltd-icon-font-awesome fa fa-coffee eltd-icon-element\" style=\"\" ><\/i>            <\/span>\n\t\t\t\t\t\t<\/div>\n\t<div class=\"eltd-iwt-content\" >\n\t\t\t\t\t<h4 class=\"eltd-iwt-title\" >\n\t\t\t\t\t\t\t\t<span class=\"eltd-iwt-title-text\">Mahlzeiten<\/span>\n\t\t\t\t\t\t\t<\/h4>\n\t\t\t\t\t<\/div>\n<\/div>[vc_column_text css=&#8220;.vc_custom_1733418999832{padding-left: 50px !important;}&#8220;]Wir arbeiten mit folgenden H\u00f6fen zusammen, die auf Vorbestellung Abendessen anbieten: &#8222;Li Misteri&#8220;, &#8222;Agriturismo Agave&#8220; und &#8222;Fattoria La Traccia&#8220;.<\/p>\n<ul>\n<li>Der Preis variiert zwischen \u20ac 30 und \u20ac 35 pro Person, Getr\u00e4nke inbegriffen.<\/li>\n<li>Reduzierte Preise f\u00fcr Kinder.<\/li>\n<\/ul>\n<p>[\/vc_column_text]\t\t<\/div>\n\t<\/div>\n<\/div><\/div>[\/vc_column][\/vc_row][vc_row][vc_column][vc_empty_space height=&#8220;50px&#8220;][\/vc_column][\/vc_row][vc_row gap=&#8220;10&#8243; content_placement=&#8220;top&#8220; row_content_width=&#8220;grid&#8220; css=&#8220;.vc_custom_1646064667664{padding-top: 40px !important;padding-bottom: 40px !important;}&#8220; simple_background_color=&#8220;#f7f8f9&#8243;][vc_column]<div class=\"eltd-elements-holder   eltd-two-columns  eltd-responsive-mode-768 \" ><div class=\"eltd-eh-item  eltd-vertical-alignment-top  \"  data-item-class=\"eltd-eh-custom-4378\">\n\t<div class=\"eltd-eh-item-inner\">\n\t\t<div class=\"eltd-eh-item-content eltd-eh-custom-4378\" >\n\t\t\t<div class=\"eltd-iwt clearfix  eltd-iwt-icon-left eltd-iwt-icon-small \">\n\t<div class=\"eltd-iwt-icon\">\n\t\t\t\t\t\t\t\t\t    <span class=\"eltd-icon-shortcode eltd-normal   eltd-icon-small\"  >\n                    <i class=\"eltd-icon-font-awesome fa fa-check eltd-icon-element\" style=\"\" ><\/i>            <\/span>\n\t\t\t\t\t\t<\/div>\n\t<div class=\"eltd-iwt-content\" >\n\t\t\t\t\t<h4 class=\"eltd-iwt-title\" >\n\t\t\t\t\t\t\t\t<span class=\"eltd-iwt-title-text\">Check-in<\/span>\n\t\t\t\t\t\t\t<\/h4>\n\t\t\t\t\t<\/div>\n<\/div>[vc_column_text css=&#8220;.vc_custom_1646328219829{padding-left: 50px !important;}&#8220;]<\/p>\n<div class=\"content clearfix\">\n<div class=\"text-content post-2247 page type-page status-publish hentry\">\n<div class=\"row r-index-2\">\n<div class=\"six columns\">\n<div class=\"text-wrapper builder-item-wrapper builder-editor\">\n<div class=\"content-txt\">\n<p><strong>Check-in<\/strong>\u00a0von 10:30 Uhr bis 00:30 Uhr<br \/>\n<strong>Check-out<\/strong>\u00a010:00 Uhr<\/p>\n<\/div>\n<div class=\"clear\"><\/div>\n<\/div>\n<\/div>\n<div class=\"clear\"><\/div>\n<\/div>\n<\/div>\n<\/div>\n<div class=\"twelve columns\"><\/div>\n<p>[\/vc_column_text]\t\t<\/div>\n\t<\/div>\n<\/div><div class=\"eltd-eh-item    \"  data-item-class=\"eltd-eh-custom-6665\">\n\t<div class=\"eltd-eh-item-inner\">\n\t\t<div class=\"eltd-eh-item-content eltd-eh-custom-6665\" >\n\t\t\t<div class=\"eltd-iwt clearfix  eltd-iwt-icon-left eltd-iwt-icon-small \">\n\t<div class=\"eltd-iwt-icon\">\n\t\t\t\t\t\t\t\t\t    <span class=\"eltd-icon-shortcode eltd-normal   eltd-icon-small\"  >\n                    <i class=\"eltd-icon-font-awesome fa fa-money eltd-icon-element\" style=\"\" ><\/i>            <\/span>\n\t\t\t\t\t\t<\/div>\n\t<div class=\"eltd-iwt-content\" >\n\t\t\t\t\t<h4 class=\"eltd-iwt-title\" >\n\t\t\t\t\t\t\t\t<span class=\"eltd-iwt-title-text\">Zahlungsweisen<\/span>\n\t\t\t\t\t\t\t<\/h4>\n\t\t\t\t\t<\/div>\n<\/div>[vc_column_text css=&#8220;.vc_custom_1646328269593{padding-left: 50px !important;}&#8220;]\u00dcberweisung und Barzahlung.<\/p>\n<p>F\u00fcr die Reservierung ben\u00f6tigen wir eine Anzahlung von 30% und einen \u00dcberweisungsnachweis via\u00a0<a style=\"color: #3b3b3b;\" href=\"mailto:info@letregrazie.it\">info@letregrazie.it<\/a> oder Fax an folgende n\u00b0 079.999093.[\/vc_column_text]\t\t<\/div>\n\t<\/div>\n<\/div><\/div>[\/vc_column][\/vc_row][vc_row][vc_column][vc_empty_space height=&#8220;50px&#8220;][\/vc_column][\/vc_row][vc_row gap=&#8220;10&#8243; content_placement=&#8220;top&#8220; row_content_width=&#8220;grid&#8220; css=&#8220;.vc_custom_1645785282591{padding-top: 40px !important;}&#8220;][vc_column]<div class=\"eltd-elements-holder   eltd-two-columns  eltd-responsive-mode-768 \" ><div class=\"eltd-eh-item  eltd-vertical-alignment-top  \"  data-item-class=\"eltd-eh-custom-2277\">\n\t<div class=\"eltd-eh-item-inner\">\n\t\t<div class=\"eltd-eh-item-content eltd-eh-custom-2277\" >\n\t\t\t<div class=\"eltd-iwt clearfix  eltd-iwt-icon-left eltd-iwt-icon-small \">\n\t<div class=\"eltd-iwt-icon\">\n\t\t\t\t\t\t\t\t\t    <span class=\"eltd-icon-shortcode eltd-normal   eltd-icon-small\"  >\n                    <i class=\"eltd-icon-font-awesome fa fa-ticket eltd-icon-element\" style=\"\" ><\/i>            <\/span>\n\t\t\t\t\t\t<\/div>\n\t<div class=\"eltd-iwt-content\" >\n\t\t\t\t\t<h4 class=\"eltd-iwt-title\" >\n\t\t\t\t\t\t\t\t<span class=\"eltd-iwt-title-text\">Kurtaxe, die an die atadt Alghero zu zahlen ist<\/span>\n\t\t\t\t\t\t\t<\/h4>\n\t\t\t\t\t<\/div>\n<\/div>[vc_column_text css=&#8220;.vc_custom_1767980917259{padding-left: 50px !important;}&#8220;]Die Kurtaxe in der Gemeinde Alghero betr\u00e4gt <strong>2 \u20ac pro Person<\/strong> und Tag f\u00fcr die ersten 7 Tage des Aufenthalts.<\/p>\n<p><em>Kinder von 0 bis 12 Jahren sind von der Kurtaxe befreit.<\/em>[\/vc_column_text]\t\t<\/div>\n\t<\/div>\n<\/div><div class=\"eltd-eh-item  eltd-vertical-alignment-top  \"  data-item-class=\"eltd-eh-custom-2571\">\n\t<div class=\"eltd-eh-item-inner\">\n\t\t<div class=\"eltd-eh-item-content eltd-eh-custom-2571\" >\n\t\t\t<div class=\"eltd-iwt clearfix  eltd-iwt-icon-left eltd-iwt-icon-small \">\n\t<div class=\"eltd-iwt-icon\">\n\t\t\t\t\t\t\t\t\t    <span class=\"eltd-icon-shortcode eltd-normal   eltd-icon-small\"  >\n                    <i class=\"eltd-icon-font-awesome fa fa-info eltd-icon-element\" style=\"\" ><\/i>            <\/span>\n\t\t\t\t\t\t<\/div>\n\t<div class=\"eltd-iwt-content\" >\n\t\t\t\t\t<h4 class=\"eltd-iwt-title\" >\n\t\t\t\t\t\t\t\t<span class=\"eltd-iwt-title-text\">Info<\/span>\n\t\t\t\t\t\t\t<\/h4>\n\t\t\t\t\t<\/div>\n<\/div>[vc_column_text css=&#8220;.vc_custom_1646328406065{padding-left: 35px !important;}&#8220;]Die Preise schlie\u00dfen die\u00a0<a style=\"color: #3b3b3b;\" href=\"https:\/\/www.letregrazie.it\/de\/serviceleistungen\/\"><strong>serviceleistungen<\/strong><\/a>\u00a0 ein, die auf der Internetseite aufgef\u00fchrt ist.[\/vc_column_text]\t\t<\/div>\n\t<\/div>\n<\/div><\/div>[\/vc_column][\/vc_row][vc_row][vc_column][vc_empty_space height=&#8220;100px&#8220;][\/vc_column][\/vc_row][vc_row full_width=&#8220;stretch_row&#8220; content_placement=&#8220;middle&#8220; simple_background_color=&#8220;#ffffff&#8220;][vc_column width=&#8220;1\/4&#8243;][vc_empty_space][vc_row_inner content_placement=&#8220;middle&#8220;][vc_column_inner width=&#8220;1\/2&#8243;][vc_single_image image=&#8220;5442&#8243; alignment=&#8220;center&#8220; onclick=&#8220;custom_link&#8220; img_link_target=&#8220;_blank&#8220; link=&#8220;https:\/\/www.trivago.it\/it\/srl\/bed-breakfast-le-tre-grazie-alghero?search=100-1117775;dr-20220228-20220301&#8243;][\/vc_column_inner][vc_column_inner width=&#8220;1\/2&#8243;][vc_single_image image=&#8220;5452&#8243; alignment=&#8220;center&#8220; onclick=&#8220;custom_link&#8220; img_link_target=&#8220;_blank&#8220; link=&#8220;https:\/\/www.tripadvisor.it\/Hotel_Review-g2301687-d1606646-Reviews-Agriturismo_Le_Tre_Grazie-Santa_Maria_La_Palma_Alghero_Province_of_Sassari_Sardinia.html&#8220;][\/vc_column_inner][\/vc_row_inner][vc_empty_space][\/vc_column][vc_column width=&#8220;1\/4&#8243;][vc_empty_space][vc_row_inner content_placement=&#8220;middle&#8220;][vc_column_inner width=&#8220;1\/2&#8243;][vc_single_image image=&#8220;5436&#8243; alignment=&#8220;center&#8220; onclick=&#8220;custom_link&#8220; img_link_target=&#8220;_blank&#8220; link=&#8220;http:\/\/www.asinaraviva.it&#8220;][\/vc_column_inner][vc_column_inner width=&#8220;1\/2&#8243;][vc_single_image image=&#8220;5435&#8243; alignment=&#8220;center&#8220; onclick=&#8220;custom_link&#8220; img_link_target=&#8220;_blank&#8220; link=&#8220;http:\/\/www.asinara4x4.com&#8220;][\/vc_column_inner][\/vc_row_inner][vc_empty_space][\/vc_column][vc_column width=&#8220;1\/4&#8243;][vc_empty_space][vc_row_inner content_placement=&#8220;middle&#8220;][vc_column_inner width=&#8220;1\/2&#8243;][vc_single_image image=&#8220;5439&#8243; alignment=&#8220;center&#8220; onclick=&#8220;custom_link&#8220; img_link_target=&#8220;_blank&#8220; link=&#8220;http:\/\/www.dogsitter.it&#8220;][\/vc_column_inner][vc_column_inner width=&#8220;1\/2&#8243;][vc_single_image image=&#8220;5445&#8243; alignment=&#8220;center&#8220; onclick=&#8220;custom_link&#8220; img_link_target=&#8220;_blank&#8220; link=&#8220;http:\/\/www.topbnb.it&#8220;][\/vc_column_inner][\/vc_row_inner][vc_empty_space][\/vc_column][vc_column width=&#8220;1\/4&#8243;][vc_empty_space][vc_row_inner content_placement=&#8220;middle&#8220;][vc_column_inner width=&#8220;1\/2&#8243;][vc_single_image image=&#8220;5443&#8243; alignment=&#8220;center&#8220; onclick=&#8220;custom_link&#8220; img_link_target=&#8220;_blank&#8220; link=&#8220;http:\/\/www.lovelyitalia.it&#8220;][\/vc_column_inner][vc_column_inner width=&#8220;1\/2&#8243;][vc_single_image image=&#8220;5434&#8243; alignment=&#8220;center&#8220; onclick=&#8220;custom_link&#8220; img_link_target=&#8220;_blank&#8220; link=&#8220;https:\/\/www.agriturismo.it\/it\/agriturismi\/sardegna\/sassari\/LeTreGrazie-3140964\/index.html&#8220;][\/vc_column_inner][\/vc_row_inner][vc_empty_space][\/vc_column][\/vc_row]<\/p>\n","protected":false},"excerpt":{"rendered":"<p>[vc_row gap=&#8220;10&#8243; content_placement=&#8220;top&#8220; row_content_width=&#8220;grid&#8220; css=&#8220;.vc_custom_1645785282591{padding-top: 40px !important;}&#8220;][vc_column][\/vc_column][\/vc_row][vc_row gap=&#8220;10&#8243; content_placement=&#8220;top&#8220; row_content_width=&#8220;grid&#8220; css=&#8220;.vc_custom_1645785282591{padding-top: 40px !important;}&#8220;][vc_column][\/vc_column][\/vc_row][vc_row][vc_column][vc_empty_space height=&#8220;50px&#8220;][\/vc_column][\/vc_row][vc_row gap=&#8220;10&#8243; content_placement=&#8220;top&#8220; row_content_width=&#8220;grid&#8220; css=&#8220;.vc_custom_1646064667664{padding-top: 40px [&hellip;]<\/p>\n","protected":false},"author":1,"featured_media":0,"parent":0,"menu_order":0,"comment_status":"closed","ping_status":"closed","template":"full-width.php","meta":{"footnotes":""},"class_list":["post-10649","page","type-page","status-publish","hentry"],"yoast_head":"<!-- This site is optimized with the Yoast SEO plugin v24.0 - https:\/\/yoast.com\/wordpress\/plugins\/seo\/ -->\n<title>Preise - Le Tre Grazie<\/title>\n<meta name=\"robots\" content=\"index, follow, max-snippet:-1, max-image-preview:large, max-video-preview:-1\" \/>\n<link rel=\"canonical\" href=\"https:\/\/www.letregrazie.it\/de\/preise\/\" \/>\n<meta property=\"og:locale\" content=\"de_DE\" \/>\n<meta property=\"og:type\" content=\"article\" \/>\n<meta property=\"og:title\" content=\"Preise - Le Tre Grazie\" \/>\n<meta property=\"og:description\" content=\"[vc_row gap=&#8220;10&#8243; content_placement=&#8220;top&#8220; row_content_width=&#8220;grid&#8220; css=&#8220;.vc_custom_1645785282591{padding-top: 40px !important;}&#8220;][vc_column][\/vc_column][\/vc_row][vc_row gap=&#8220;10&#8243; content_placement=&#8220;top&#8220; row_content_width=&#8220;grid&#8220; css=&#8220;.vc_custom_1645785282591{padding-top: 40px !important;}&#8220;][vc_column][\/vc_column][\/vc_row][vc_row][vc_column][vc_empty_space height=&#8220;50px&#8220;][\/vc_column][\/vc_row][vc_row gap=&#8220;10&#8243; content_placement=&#8220;top&#8220; row_content_width=&#8220;grid&#8220; css=&#8220;.vc_custom_1646064667664{padding-top: 40px [&hellip;]\" \/>\n<meta property=\"og:url\" content=\"https:\/\/www.letregrazie.it\/de\/preise\/\" \/>\n<meta property=\"og:site_name\" content=\"Le Tre Grazie\" \/>\n<meta property=\"article:modified_time\" content=\"2026-01-09T17:48:38+00:00\" \/>\n<meta name=\"twitter:card\" content=\"summary_large_image\" \/>\n<meta name=\"twitter:label1\" content=\"Gesch\u00e4tzte Lesezeit\" \/>\n\t<meta name=\"twitter:data1\" content=\"3\u00a0Minuten\" \/>\n<script type=\"application\/ld+json\" class=\"yoast-schema-graph\">{\"@context\":\"https:\/\/schema.org\",\"@graph\":[{\"@type\":\"WebPage\",\"@id\":\"https:\/\/www.letregrazie.it\/de\/preise\/\",\"url\":\"https:\/\/www.letregrazie.it\/de\/preise\/\",\"name\":\"Preise - Le Tre Grazie\",\"isPartOf\":{\"@id\":\"https:\/\/www.letregrazie.it\/#website\"},\"datePublished\":\"2022-02-25T10:20:59+00:00\",\"dateModified\":\"2026-01-09T17:48:38+00:00\",\"breadcrumb\":{\"@id\":\"https:\/\/www.letregrazie.it\/de\/preise\/#breadcrumb\"},\"inLanguage\":\"de\",\"potentialAction\":[{\"@type\":\"ReadAction\",\"target\":[\"https:\/\/www.letregrazie.it\/de\/preise\/\"]}]},{\"@type\":\"BreadcrumbList\",\"@id\":\"https:\/\/www.letregrazie.it\/de\/preise\/#breadcrumb\",\"itemListElement\":[{\"@type\":\"ListItem\",\"position\":1,\"name\":\"Home\",\"item\":\"https:\/\/www.letregrazie.it\/de\/\"},{\"@type\":\"ListItem\",\"position\":2,\"name\":\"Preise\"}]},{\"@type\":\"WebSite\",\"@id\":\"https:\/\/www.letregrazie.it\/#website\",\"url\":\"https:\/\/www.letregrazie.it\/\",\"name\":\"Le Tre Grazie\",\"description\":\"\",\"potentialAction\":[{\"@type\":\"SearchAction\",\"target\":{\"@type\":\"EntryPoint\",\"urlTemplate\":\"https:\/\/www.letregrazie.it\/?s={search_term_string}\"},\"query-input\":{\"@type\":\"PropertyValueSpecification\",\"valueRequired\":true,\"valueName\":\"search_term_string\"}}],\"inLanguage\":\"de\"}]}<\/script>\n<!-- \/ Yoast SEO plugin. -->","yoast_head_json":{"title":"Preise - Le Tre Grazie","robots":{"index":"index","follow":"follow","max-snippet":"max-snippet:-1","max-image-preview":"max-image-preview:large","max-video-preview":"max-video-preview:-1"},"canonical":"https:\/\/www.letregrazie.it\/de\/preise\/","og_locale":"de_DE","og_type":"article","og_title":"Preise - Le Tre Grazie","og_description":"[vc_row gap=&#8220;10&#8243; content_placement=&#8220;top&#8220; row_content_width=&#8220;grid&#8220; css=&#8220;.vc_custom_1645785282591{padding-top: 40px !important;}&#8220;][vc_column][\/vc_column][\/vc_row][vc_row gap=&#8220;10&#8243; content_placement=&#8220;top&#8220; row_content_width=&#8220;grid&#8220; css=&#8220;.vc_custom_1645785282591{padding-top: 40px !important;}&#8220;][vc_column][\/vc_column][\/vc_row][vc_row][vc_column][vc_empty_space height=&#8220;50px&#8220;][\/vc_column][\/vc_row][vc_row gap=&#8220;10&#8243; content_placement=&#8220;top&#8220; row_content_width=&#8220;grid&#8220; css=&#8220;.vc_custom_1646064667664{padding-top: 40px [&hellip;]","og_url":"https:\/\/www.letregrazie.it\/de\/preise\/","og_site_name":"Le Tre Grazie","article_modified_time":"2026-01-09T17:48:38+00:00","twitter_card":"summary_large_image","twitter_misc":{"Gesch\u00e4tzte Lesezeit":"3\u00a0Minuten"},"schema":{"@context":"https:\/\/schema.org","@graph":[{"@type":"WebPage","@id":"https:\/\/www.letregrazie.it\/de\/preise\/","url":"https:\/\/www.letregrazie.it\/de\/preise\/","name":"Preise - Le Tre Grazie","isPartOf":{"@id":"https:\/\/www.letregrazie.it\/#website"},"datePublished":"2022-02-25T10:20:59+00:00","dateModified":"2026-01-09T17:48:38+00:00","breadcrumb":{"@id":"https:\/\/www.letregrazie.it\/de\/preise\/#breadcrumb"},"inLanguage":"de","potentialAction":[{"@type":"ReadAction","target":["https:\/\/www.letregrazie.it\/de\/preise\/"]}]},{"@type":"BreadcrumbList","@id":"https:\/\/www.letregrazie.it\/de\/preise\/#breadcrumb","itemListElement":[{"@type":"ListItem","position":1,"name":"Home","item":"https:\/\/www.letregrazie.it\/de\/"},{"@type":"ListItem","position":2,"name":"Preise"}]},{"@type":"WebSite","@id":"https:\/\/www.letregrazie.it\/#website","url":"https:\/\/www.letregrazie.it\/","name":"Le Tre Grazie","description":"","potentialAction":[{"@type":"SearchAction","target":{"@type":"EntryPoint","urlTemplate":"https:\/\/www.letregrazie.it\/?s={search_term_string}"},"query-input":{"@type":"PropertyValueSpecification","valueRequired":true,"valueName":"search_term_string"}}],"inLanguage":"de"}]}},"_links":{"self":[{"href":"https:\/\/www.letregrazie.it\/de\/wp-json\/wp\/v2\/pages\/10649","targetHints":{"allow":["GET"]}}],"collection":[{"href":"https:\/\/www.letregrazie.it\/de\/wp-json\/wp\/v2\/pages"}],"about":[{"href":"https:\/\/www.letregrazie.it\/de\/wp-json\/wp\/v2\/types\/page"}],"author":[{"embeddable":true,"href":"https:\/\/www.letregrazie.it\/de\/wp-json\/wp\/v2\/users\/1"}],"replies":[{"embeddable":true,"href":"https:\/\/www.letregrazie.it\/de\/wp-json\/wp\/v2\/comments?post=10649"}],"version-history":[{"count":8,"href":"https:\/\/www.letregrazie.it\/de\/wp-json\/wp\/v2\/pages\/10649\/revisions"}],"predecessor-version":[{"id":11447,"href":"https:\/\/www.letregrazie.it\/de\/wp-json\/wp\/v2\/pages\/10649\/revisions\/11447"}],"wp:attachment":[{"href":"https:\/\/www.letregrazie.it\/de\/wp-json\/wp\/v2\/media?parent=10649"}],"curies":[{"name":"wp","href":"https:\/\/api.w.org\/{rel}","templated":true}]}}