{"id":10650,"date":"2022-02-25T11:20:59","date_gmt":"2022-02-25T10:20:59","guid":{"rendered":"https:\/\/www.letregrazie.it\/listino\/"},"modified":"2026-01-09T18:49:28","modified_gmt":"2026-01-09T17:49:28","slug":"precios","status":"publish","type":"page","link":"https:\/\/www.letregrazie.it\/es\/precios\/","title":{"rendered":"Precios"},"content":{"rendered":"<p>[vc_row gap=\u00bb10&#8243; content_placement=\u00bbtop\u00bb row_content_width=\u00bbgrid\u00bb css=\u00bb.vc_custom_1645785282591{padding-top: 40px !important;}\u00bb][vc_column]<div class=\"eltd-elements-holder   eltd-one-column  eltd-responsive-mode-768 \" ><div class=\"eltd-eh-item  eltd-vertical-alignment-top eltd-horizontal-alignment-center \"  data-item-class=\"eltd-eh-custom-6355\">\n\t<div class=\"eltd-eh-item-inner\">\n\t\t<div class=\"eltd-eh-item-content eltd-eh-custom-6355\" >\n\t\t\t\t\t<\/div>\n\t<\/div>\n<\/div><\/div>[\/vc_column][\/vc_row][vc_row gap=\u00bb10&#8243; content_placement=\u00bbtop\u00bb row_content_width=\u00bbgrid\u00bb css=\u00bb.vc_custom_1645785282591{padding-top: 40px !important;}\u00bb][vc_column]<div class=\"eltd-elements-holder   eltd-three-columns  eltd-responsive-mode-768 \" ><div class=\"eltd-eh-item  eltd-vertical-alignment-top  \"  data-item-class=\"eltd-eh-custom-1116\">\n\t<div class=\"eltd-eh-item-inner\">\n\t\t<div class=\"eltd-eh-item-content eltd-eh-custom-1116\" >\n\t\t\t<div class=\"eltd-iwt clearfix  eltd-iwt-icon-left eltd-iwt-icon-small \">\n\t<div class=\"eltd-iwt-icon\">\n\t\t\t\t\t\t\t\t\t    <span class=\"eltd-icon-shortcode eltd-normal   eltd-icon-small\"  >\n                    <i class=\"eltd-icon-font-awesome fa fa-building eltd-icon-element\" style=\"\" ><\/i>            <\/span>\n\t\t\t\t\t\t<\/div>\n\t<div class=\"eltd-iwt-content\" >\n\t\t\t\t\t<h4 class=\"eltd-iwt-title\" >\n\t\t\t\t\t\t\t\t<span class=\"eltd-iwt-title-text\">Tarifas del apartamento<\/span>\n\t\t\t\t\t\t\t<\/h4>\n\t\t\t\t\t<\/div>\n<\/div>[vc_column_text css=\u00bb.vc_custom_1733419090478{padding-left: 45px !important;}\u00bb]<strong>Temporada baja<\/strong>: estancia m\u00ednima de 3 noches<br \/>\n<strong>Temporada alta<\/strong>: estancia m\u00ednima de 7 noches<\/p>\n<ul>\n<li>De \u20ac 80 a \u20ac150 por d\u00eda.<\/li>\n<li>Para una cotizaci\u00f3n personalizada, contacte directamente con el agroturismo.<\/li>\n<\/ul>\n<p>[\/vc_column_text]\t\t<\/div>\n\t<\/div>\n<\/div><div class=\"eltd-eh-item  eltd-vertical-alignment-top  \"  data-item-class=\"eltd-eh-custom-7559\">\n\t<div class=\"eltd-eh-item-inner\">\n\t\t<div class=\"eltd-eh-item-content eltd-eh-custom-7559\" >\n\t\t\t<div class=\"eltd-iwt clearfix  eltd-iwt-icon-left eltd-iwt-icon-small \">\n\t<div class=\"eltd-iwt-icon\">\n\t\t\t\t\t\t\t\t\t    <span class=\"eltd-icon-shortcode eltd-normal   eltd-icon-small\"  >\n                    <i class=\"eltd-icon-font-awesome fa fa-coffee eltd-icon-element\" style=\"\" ><\/i>            <\/span>\n\t\t\t\t\t\t<\/div>\n\t<div class=\"eltd-iwt-content\" >\n\t\t\t\t\t<h4 class=\"eltd-iwt-title\" >\n\t\t\t\t\t\t\t\t<span class=\"eltd-iwt-title-text\">Comidas<\/span>\n\t\t\t\t\t\t\t<\/h4>\n\t\t\t\t\t<\/div>\n<\/div>[vc_column_text css=\u00bb.vc_custom_1733419117053{padding-left: 50px !important;}\u00bb]Colaboramos con los siguientes agroturismos para la cena (reserva con antelaci\u00f3n): \u00abLi Misteri\u00bb, \u00abAgriturismo Agave\u00bb y \u00abFattoria La Traccia\u00bb.<\/p>\n<ul>\n<li>El costo var\u00eda entre \u20ac 30 y \u20ac 35 por persona, con bebidas incluidas.<\/li>\n<li>Tarifas reducidas para ni\u00f1os.<\/li>\n<\/ul>\n<p>[\/vc_column_text]\t\t<\/div>\n\t<\/div>\n<\/div><\/div>[\/vc_column][\/vc_row][vc_row][vc_column][vc_empty_space height=\u00bb50px\u00bb][\/vc_column][\/vc_row][vc_row gap=\u00bb10&#8243; content_placement=\u00bbtop\u00bb row_content_width=\u00bbgrid\u00bb css=\u00bb.vc_custom_1646064667664{padding-top: 40px !important;padding-bottom: 40px !important;}\u00bb simple_background_color=\u00bb#f7f8f9&#8243;][vc_column]<div class=\"eltd-elements-holder   eltd-two-columns  eltd-responsive-mode-768 \" ><div class=\"eltd-eh-item  eltd-vertical-alignment-top  \"  data-item-class=\"eltd-eh-custom-7997\">\n\t<div class=\"eltd-eh-item-inner\">\n\t\t<div class=\"eltd-eh-item-content eltd-eh-custom-7997\" >\n\t\t\t<div class=\"eltd-iwt clearfix  eltd-iwt-icon-left eltd-iwt-icon-small \">\n\t<div class=\"eltd-iwt-icon\">\n\t\t\t\t\t\t\t\t\t    <span class=\"eltd-icon-shortcode eltd-normal   eltd-icon-small\"  >\n                    <i class=\"eltd-icon-font-awesome fa fa-check eltd-icon-element\" style=\"\" ><\/i>            <\/span>\n\t\t\t\t\t\t<\/div>\n\t<div class=\"eltd-iwt-content\" >\n\t\t\t\t\t<h4 class=\"eltd-iwt-title\" >\n\t\t\t\t\t\t\t\t<span class=\"eltd-iwt-title-text\">Check-in<\/span>\n\t\t\t\t\t\t\t<\/h4>\n\t\t\t\t\t<\/div>\n<\/div>[vc_column_text css=\u00bb.vc_custom_1646327733793{padding-left: 50px !important;}\u00bb]<strong>Check-in<\/strong> de 10:30 a 00:30<br \/>\n<strong>Check-out<\/strong>\u00a010:00[\/vc_column_text]\t\t<\/div>\n\t<\/div>\n<\/div><div class=\"eltd-eh-item    \"  data-item-class=\"eltd-eh-custom-2147\">\n\t<div class=\"eltd-eh-item-inner\">\n\t\t<div class=\"eltd-eh-item-content eltd-eh-custom-2147\" >\n\t\t\t<div class=\"eltd-iwt clearfix  eltd-iwt-icon-left eltd-iwt-icon-small \">\n\t<div class=\"eltd-iwt-icon\">\n\t\t\t\t\t\t\t\t\t    <span class=\"eltd-icon-shortcode eltd-normal   eltd-icon-small\"  >\n                    <i class=\"eltd-icon-font-awesome fa fa-money eltd-icon-element\" style=\"\" ><\/i>            <\/span>\n\t\t\t\t\t\t<\/div>\n\t<div class=\"eltd-iwt-content\" >\n\t\t\t\t\t<h4 class=\"eltd-iwt-title\" >\n\t\t\t\t\t\t\t\t<span class=\"eltd-iwt-title-text\">M\u00e9todos de pago<\/span>\n\t\t\t\t\t\t\t<\/h4>\n\t\t\t\t\t<\/div>\n<\/div>[vc_column_text css=\u00bb.vc_custom_1646327802935{padding-left: 50px !important;}\u00bb]Transferencia bancaria y otros activos l\u00edquidos.<\/p>\n<p>Para efectuar la reserva es necesario realizar el pago del 30% y enviar el recibo correspondiente por\u00a0\u00a0<a href=\"mailto:info@letregrazie.it\">info@letregrazie.it<\/a> o fax al n\u00famero: +39 079.999093.[\/vc_column_text]\t\t<\/div>\n\t<\/div>\n<\/div><\/div>[\/vc_column][\/vc_row][vc_row][vc_column][vc_empty_space height=\u00bb50px\u00bb][\/vc_column][\/vc_row][vc_row gap=\u00bb10&#8243; content_placement=\u00bbtop\u00bb row_content_width=\u00bbgrid\u00bb css=\u00bb.vc_custom_1645785282591{padding-top: 40px !important;}\u00bb][vc_column]<div class=\"eltd-elements-holder   eltd-two-columns  eltd-responsive-mode-768 \" ><div class=\"eltd-eh-item  eltd-vertical-alignment-top  \"  data-item-class=\"eltd-eh-custom-4626\">\n\t<div class=\"eltd-eh-item-inner\">\n\t\t<div class=\"eltd-eh-item-content eltd-eh-custom-4626\" >\n\t\t\t<div class=\"eltd-iwt clearfix  eltd-iwt-icon-left eltd-iwt-icon-small \">\n\t<div class=\"eltd-iwt-icon\">\n\t\t\t\t\t\t\t\t\t    <span class=\"eltd-icon-shortcode eltd-normal   eltd-icon-small\"  >\n                    <i class=\"eltd-icon-font-awesome fa fa-ticket eltd-icon-element\" style=\"\" ><\/i>            <\/span>\n\t\t\t\t\t\t<\/div>\n\t<div class=\"eltd-iwt-content\" >\n\t\t\t\t\t<h4 class=\"eltd-iwt-title\" >\n\t\t\t\t\t\t\t\t<span class=\"eltd-iwt-title-text\">Impuestos, para quedar, debido al Comun de Alghero<\/span>\n\t\t\t\t\t\t\t<\/h4>\n\t\t\t\t\t<\/div>\n<\/div>[vc_column_text css=\u00bb.vc_custom_1767980966380{padding-left: 50px !important;}\u00bb]La tasa tur\u00edstica del municipio de Alghero es de <strong>2 \u20ac por persona<\/strong> y d\u00eda durante los primeros 7 d\u00edas de estancia.<\/p>\n<p><em>Los ni\u00f1os de 0 a 12 a\u00f1os est\u00e1n exentos.<\/em>[\/vc_column_text]\t\t<\/div>\n\t<\/div>\n<\/div><div class=\"eltd-eh-item  eltd-vertical-alignment-top  \"  data-item-class=\"eltd-eh-custom-6851\">\n\t<div class=\"eltd-eh-item-inner\">\n\t\t<div class=\"eltd-eh-item-content eltd-eh-custom-6851\" >\n\t\t\t<div class=\"eltd-iwt clearfix  eltd-iwt-icon-left eltd-iwt-icon-small \">\n\t<div class=\"eltd-iwt-icon\">\n\t\t\t\t\t\t\t\t\t    <span class=\"eltd-icon-shortcode eltd-normal   eltd-icon-small\"  >\n                    <i class=\"eltd-icon-font-awesome fa fa-info eltd-icon-element\" style=\"\" ><\/i>            <\/span>\n\t\t\t\t\t\t<\/div>\n\t<div class=\"eltd-iwt-content\" >\n\t\t\t\t\t<h4 class=\"eltd-iwt-title\" >\n\t\t\t\t\t\t\t\t<span class=\"eltd-iwt-title-text\">Info<\/span>\n\t\t\t\t\t\t\t<\/h4>\n\t\t\t\t\t<\/div>\n<\/div>[vc_column_text css=\u00bb.vc_custom_1646327910103{padding-left: 35px !important;}\u00bb]Los precios incluyen los <a href=\"https:\/\/www.letregrazie.it\/es\/servicios\/\"><strong>servicios<\/strong><\/a> que se detallan en el sitio web.[\/vc_column_text]\t\t<\/div>\n\t<\/div>\n<\/div><\/div>[\/vc_column][\/vc_row][vc_row][vc_column][vc_empty_space height=\u00bb100px\u00bb][\/vc_column][\/vc_row][vc_row full_width=\u00bbstretch_row\u00bb content_placement=\u00bbmiddle\u00bb simple_background_color=\u00bb#ffffff\u00bb][vc_column width=\u00bb1\/4&#8243;][vc_empty_space][vc_row_inner content_placement=\u00bbmiddle\u00bb][vc_column_inner width=\u00bb1\/2&#8243;][vc_single_image image=\u00bb5442&#8243; alignment=\u00bbcenter\u00bb onclick=\u00bbcustom_link\u00bb img_link_target=\u00bb_blank\u00bb link=\u00bbhttps:\/\/www.trivago.it\/it\/srl\/bed-breakfast-le-tre-grazie-alghero?search=100-1117775;dr-20220228-20220301&#8243;][\/vc_column_inner][vc_column_inner width=\u00bb1\/2&#8243;][vc_single_image image=\u00bb5452&#8243; alignment=\u00bbcenter\u00bb onclick=\u00bbcustom_link\u00bb img_link_target=\u00bb_blank\u00bb link=\u00bbhttps:\/\/www.tripadvisor.it\/Hotel_Review-g2301687-d1606646-Reviews-Agriturismo_Le_Tre_Grazie-Santa_Maria_La_Palma_Alghero_Province_of_Sassari_Sardinia.html\u00bb][\/vc_column_inner][\/vc_row_inner][vc_empty_space][\/vc_column][vc_column width=\u00bb1\/4&#8243;][vc_empty_space][vc_row_inner content_placement=\u00bbmiddle\u00bb][vc_column_inner width=\u00bb1\/2&#8243;][vc_single_image image=\u00bb5436&#8243; alignment=\u00bbcenter\u00bb onclick=\u00bbcustom_link\u00bb img_link_target=\u00bb_blank\u00bb link=\u00bbhttp:\/\/www.asinaraviva.it\u00bb][\/vc_column_inner][vc_column_inner width=\u00bb1\/2&#8243;][vc_single_image image=\u00bb5435&#8243; alignment=\u00bbcenter\u00bb onclick=\u00bbcustom_link\u00bb img_link_target=\u00bb_blank\u00bb link=\u00bbhttp:\/\/www.asinara4x4.com\u00bb][\/vc_column_inner][\/vc_row_inner][vc_empty_space][\/vc_column][vc_column width=\u00bb1\/4&#8243;][vc_empty_space][vc_row_inner content_placement=\u00bbmiddle\u00bb][vc_column_inner width=\u00bb1\/2&#8243;][vc_single_image image=\u00bb5439&#8243; alignment=\u00bbcenter\u00bb onclick=\u00bbcustom_link\u00bb img_link_target=\u00bb_blank\u00bb link=\u00bbhttp:\/\/www.dogsitter.it\u00bb][\/vc_column_inner][vc_column_inner width=\u00bb1\/2&#8243;][vc_single_image image=\u00bb5445&#8243; alignment=\u00bbcenter\u00bb onclick=\u00bbcustom_link\u00bb img_link_target=\u00bb_blank\u00bb link=\u00bbhttp:\/\/www.topbnb.it\u00bb][\/vc_column_inner][\/vc_row_inner][vc_empty_space][\/vc_column][vc_column width=\u00bb1\/4&#8243;][vc_empty_space][vc_row_inner content_placement=\u00bbmiddle\u00bb][vc_column_inner width=\u00bb1\/2&#8243;][vc_single_image image=\u00bb5443&#8243; alignment=\u00bbcenter\u00bb onclick=\u00bbcustom_link\u00bb img_link_target=\u00bb_blank\u00bb link=\u00bbhttp:\/\/www.lovelyitalia.it\u00bb][\/vc_column_inner][vc_column_inner width=\u00bb1\/2&#8243;][vc_single_image image=\u00bb5434&#8243; alignment=\u00bbcenter\u00bb onclick=\u00bbcustom_link\u00bb img_link_target=\u00bb_blank\u00bb link=\u00bbhttps:\/\/www.agriturismo.it\/it\/agriturismi\/sardegna\/sassari\/LeTreGrazie-3140964\/index.html\u00bb][\/vc_column_inner][\/vc_row_inner][vc_empty_space][\/vc_column][\/vc_row]<\/p>\n","protected":false},"excerpt":{"rendered":"<p>[vc_row gap=\u00bb10&#8243; content_placement=\u00bbtop\u00bb row_content_width=\u00bbgrid\u00bb css=\u00bb.vc_custom_1645785282591{padding-top: 40px !important;}\u00bb][vc_column][\/vc_column][\/vc_row][vc_row gap=\u00bb10&#8243; content_placement=\u00bbtop\u00bb row_content_width=\u00bbgrid\u00bb css=\u00bb.vc_custom_1645785282591{padding-top: 40px !important;}\u00bb][vc_column][\/vc_column][\/vc_row][vc_row][vc_column][vc_empty_space height=\u00bb50px\u00bb][\/vc_column][\/vc_row][vc_row gap=\u00bb10&#8243; content_placement=\u00bbtop\u00bb row_content_width=\u00bbgrid\u00bb css=\u00bb.vc_custom_1646064667664{padding-top: 40px [&hellip;]<\/p>\n","protected":false},"author":1,"featured_media":0,"parent":0,"menu_order":0,"comment_status":"closed","ping_status":"closed","template":"full-width.php","meta":{"footnotes":""},"class_list":["post-10650","page","type-page","status-publish","hentry"],"yoast_head":"<!-- This site is optimized with the Yoast SEO plugin v24.0 - https:\/\/yoast.com\/wordpress\/plugins\/seo\/ -->\n<title>Precios - Le Tre Grazie<\/title>\n<meta name=\"robots\" content=\"index, follow, max-snippet:-1, max-image-preview:large, max-video-preview:-1\" \/>\n<link rel=\"canonical\" href=\"https:\/\/www.letregrazie.it\/es\/precios\/\" \/>\n<meta property=\"og:locale\" content=\"es_ES\" \/>\n<meta property=\"og:type\" content=\"article\" \/>\n<meta property=\"og:title\" content=\"Precios - Le Tre Grazie\" \/>\n<meta property=\"og:description\" content=\"[vc_row gap=\u00bb10&#8243; content_placement=\u00bbtop\u00bb row_content_width=\u00bbgrid\u00bb css=\u00bb.vc_custom_1645785282591{padding-top: 40px !important;}\u00bb][vc_column][\/vc_column][\/vc_row][vc_row gap=\u00bb10&#8243; content_placement=\u00bbtop\u00bb row_content_width=\u00bbgrid\u00bb css=\u00bb.vc_custom_1645785282591{padding-top: 40px !important;}\u00bb][vc_column][\/vc_column][\/vc_row][vc_row][vc_column][vc_empty_space height=\u00bb50px\u00bb][\/vc_column][\/vc_row][vc_row gap=\u00bb10&#8243; content_placement=\u00bbtop\u00bb row_content_width=\u00bbgrid\u00bb css=\u00bb.vc_custom_1646064667664{padding-top: 40px [&hellip;]\" \/>\n<meta property=\"og:url\" content=\"https:\/\/www.letregrazie.it\/es\/precios\/\" \/>\n<meta property=\"og:site_name\" content=\"Le Tre Grazie\" \/>\n<meta property=\"article:modified_time\" content=\"2026-01-09T17:49:28+00:00\" \/>\n<meta name=\"twitter:card\" content=\"summary_large_image\" \/>\n<meta name=\"twitter:label1\" content=\"Tiempo de lectura\" \/>\n\t<meta name=\"twitter:data1\" content=\"3 minutos\" \/>\n<script type=\"application\/ld+json\" class=\"yoast-schema-graph\">{\"@context\":\"https:\/\/schema.org\",\"@graph\":[{\"@type\":\"WebPage\",\"@id\":\"https:\/\/www.letregrazie.it\/es\/precios\/\",\"url\":\"https:\/\/www.letregrazie.it\/es\/precios\/\",\"name\":\"Precios - Le Tre Grazie\",\"isPartOf\":{\"@id\":\"https:\/\/www.letregrazie.it\/#website\"},\"datePublished\":\"2022-02-25T10:20:59+00:00\",\"dateModified\":\"2026-01-09T17:49:28+00:00\",\"breadcrumb\":{\"@id\":\"https:\/\/www.letregrazie.it\/es\/precios\/#breadcrumb\"},\"inLanguage\":\"es\",\"potentialAction\":[{\"@type\":\"ReadAction\",\"target\":[\"https:\/\/www.letregrazie.it\/es\/precios\/\"]}]},{\"@type\":\"BreadcrumbList\",\"@id\":\"https:\/\/www.letregrazie.it\/es\/precios\/#breadcrumb\",\"itemListElement\":[{\"@type\":\"ListItem\",\"position\":1,\"name\":\"Home\",\"item\":\"https:\/\/www.letregrazie.it\/es\/\"},{\"@type\":\"ListItem\",\"position\":2,\"name\":\"Precios\"}]},{\"@type\":\"WebSite\",\"@id\":\"https:\/\/www.letregrazie.it\/#website\",\"url\":\"https:\/\/www.letregrazie.it\/\",\"name\":\"Le Tre Grazie\",\"description\":\"\",\"potentialAction\":[{\"@type\":\"SearchAction\",\"target\":{\"@type\":\"EntryPoint\",\"urlTemplate\":\"https:\/\/www.letregrazie.it\/?s={search_term_string}\"},\"query-input\":{\"@type\":\"PropertyValueSpecification\",\"valueRequired\":true,\"valueName\":\"search_term_string\"}}],\"inLanguage\":\"es\"}]}<\/script>\n<!-- \/ Yoast SEO plugin. -->","yoast_head_json":{"title":"Precios - Le Tre Grazie","robots":{"index":"index","follow":"follow","max-snippet":"max-snippet:-1","max-image-preview":"max-image-preview:large","max-video-preview":"max-video-preview:-1"},"canonical":"https:\/\/www.letregrazie.it\/es\/precios\/","og_locale":"es_ES","og_type":"article","og_title":"Precios - Le Tre Grazie","og_description":"[vc_row gap=\u00bb10&#8243; content_placement=\u00bbtop\u00bb row_content_width=\u00bbgrid\u00bb css=\u00bb.vc_custom_1645785282591{padding-top: 40px !important;}\u00bb][vc_column][\/vc_column][\/vc_row][vc_row gap=\u00bb10&#8243; content_placement=\u00bbtop\u00bb row_content_width=\u00bbgrid\u00bb css=\u00bb.vc_custom_1645785282591{padding-top: 40px !important;}\u00bb][vc_column][\/vc_column][\/vc_row][vc_row][vc_column][vc_empty_space height=\u00bb50px\u00bb][\/vc_column][\/vc_row][vc_row gap=\u00bb10&#8243; content_placement=\u00bbtop\u00bb row_content_width=\u00bbgrid\u00bb css=\u00bb.vc_custom_1646064667664{padding-top: 40px [&hellip;]","og_url":"https:\/\/www.letregrazie.it\/es\/precios\/","og_site_name":"Le Tre Grazie","article_modified_time":"2026-01-09T17:49:28+00:00","twitter_card":"summary_large_image","twitter_misc":{"Tiempo de lectura":"3 minutos"},"schema":{"@context":"https:\/\/schema.org","@graph":[{"@type":"WebPage","@id":"https:\/\/www.letregrazie.it\/es\/precios\/","url":"https:\/\/www.letregrazie.it\/es\/precios\/","name":"Precios - Le Tre Grazie","isPartOf":{"@id":"https:\/\/www.letregrazie.it\/#website"},"datePublished":"2022-02-25T10:20:59+00:00","dateModified":"2026-01-09T17:49:28+00:00","breadcrumb":{"@id":"https:\/\/www.letregrazie.it\/es\/precios\/#breadcrumb"},"inLanguage":"es","potentialAction":[{"@type":"ReadAction","target":["https:\/\/www.letregrazie.it\/es\/precios\/"]}]},{"@type":"BreadcrumbList","@id":"https:\/\/www.letregrazie.it\/es\/precios\/#breadcrumb","itemListElement":[{"@type":"ListItem","position":1,"name":"Home","item":"https:\/\/www.letregrazie.it\/es\/"},{"@type":"ListItem","position":2,"name":"Precios"}]},{"@type":"WebSite","@id":"https:\/\/www.letregrazie.it\/#website","url":"https:\/\/www.letregrazie.it\/","name":"Le Tre Grazie","description":"","potentialAction":[{"@type":"SearchAction","target":{"@type":"EntryPoint","urlTemplate":"https:\/\/www.letregrazie.it\/?s={search_term_string}"},"query-input":{"@type":"PropertyValueSpecification","valueRequired":true,"valueName":"search_term_string"}}],"inLanguage":"es"}]}},"_links":{"self":[{"href":"https:\/\/www.letregrazie.it\/es\/wp-json\/wp\/v2\/pages\/10650","targetHints":{"allow":["GET"]}}],"collection":[{"href":"https:\/\/www.letregrazie.it\/es\/wp-json\/wp\/v2\/pages"}],"about":[{"href":"https:\/\/www.letregrazie.it\/es\/wp-json\/wp\/v2\/types\/page"}],"author":[{"embeddable":true,"href":"https:\/\/www.letregrazie.it\/es\/wp-json\/wp\/v2\/users\/1"}],"replies":[{"embeddable":true,"href":"https:\/\/www.letregrazie.it\/es\/wp-json\/wp\/v2\/comments?post=10650"}],"version-history":[{"count":7,"href":"https:\/\/www.letregrazie.it\/es\/wp-json\/wp\/v2\/pages\/10650\/revisions"}],"predecessor-version":[{"id":11448,"href":"https:\/\/www.letregrazie.it\/es\/wp-json\/wp\/v2\/pages\/10650\/revisions\/11448"}],"wp:attachment":[{"href":"https:\/\/www.letregrazie.it\/es\/wp-json\/wp\/v2\/media?parent=10650"}],"curies":[{"name":"wp","href":"https:\/\/api.w.org\/{rel}","templated":true}]}}