{"id":10664,"date":"2022-02-25T17:18:12","date_gmt":"2022-02-25T16:18:12","guid":{"rendered":"https:\/\/www.letregrazie.it\/archivio-news\/"},"modified":"2022-03-07T17:44:22","modified_gmt":"2022-03-07T16:44:22","slug":"archivo-news","status":"publish","type":"page","link":"https:\/\/www.letregrazie.it\/es\/archivo-news\/","title":{"rendered":"Archivo news"},"content":{"rendered":"<p>[vc_row full_width=\u00bbstretch_row\u00bb equal_height=\u00bbyes\u00bb][vc_column][vc_empty_space]<div class=\"eltd-blog-list-holder eltd-bl-boxed eltd-bl-four-columns eltd-large-space eltd-bl-pag-load-more \"  data-type=boxed data-number-of-posts=12 data-number-of-columns=4 data-space-between-items=large data-orderby=date data-order=DESC data-image-size=albergo_elated_square data-title-tag=h4 data-excerpt-length=30 data-post-info-section=yes data-post-info-image=yes data-post-info-author=no data-post-info-date=yes data-post-info-category=no data-post-info-comments=no data-post-info-like=no data-post-info-share=no data-post-read-more=yes data-line-position=left data-pagination-type=load-more data-max-num-pages=1 data-next-page=2>\n\t<div class=\"eltd-bl-wrapper eltd-outer-space\">\n\t\t<ul class=\"eltd-blog-list\">\n\t\t\t<li class=\"eltd-bl-item eltd-item-space clearfix\">\n\t<div class=\"eltd-bli-inner\">\n\t\t\n\t<div class=\"eltd-post-image\">\n\t\t\t\t\t<a itemprop=\"url\" href=\"https:\/\/www.letregrazie.it\/es\/autorretrato-en-la-cerdena-salveje-y-creatora-taller-con-cristina-nunze\/\" title=\"Autorretrato en la Cerde\u00f1a Salveje y Creatora &#8211; taller con Cristina Nu\u00f1ze\">\n\t\t\t\t\t<img loading=\"lazy\" decoding=\"async\" width=\"550\" height=\"477\" src=\"https:\/\/www.letregrazie.it\/wp-content\/uploads\/2016\/02\/12596362_10205972790254692_1207632297_n.jpg\" class=\"attachment-albergo_elated_square size-albergo_elated_square wp-post-image\" alt=\"\" srcset=\"https:\/\/www.letregrazie.it\/wp-content\/uploads\/2016\/02\/12596362_10205972790254692_1207632297_n.jpg 720w, https:\/\/www.letregrazie.it\/wp-content\/uploads\/2016\/02\/12596362_10205972790254692_1207632297_n-600x520.jpg 600w, https:\/\/www.letregrazie.it\/wp-content\/uploads\/2016\/02\/12596362_10205972790254692_1207632297_n-300x260.jpg 300w\" sizes=\"auto, (max-width: 550px) 100vw, 550px\" \/>\t\t\t\t\t<\/a>\n\t\t\t\t\t<\/div>\n        <div class=\"eltd-bli-content\" >\n                            <div class=\"eltd-bli-info\">\n\t                <div itemprop=\"dateCreated\" class=\"eltd-post-info-date entry-date published updated\">\n            <a itemprop=\"url\" href=\"https:\/\/www.letregrazie.it\/es\/2016\/02\/\">\n    \n        12 febrero 2016        <\/a>\n    <meta itemprop=\"interactionCount\" content=\"UserComments: 0\"\/>\n<\/div>                <\/div>\n            \n\t        \n<h4 itemprop=\"name\" class=\"entry-title eltd-post-title\" >\n            <a itemprop=\"url\" href=\"https:\/\/www.letregrazie.it\/es\/autorretrato-en-la-cerdena-salveje-y-creatora-taller-con-cristina-nunze\/\" title=\"Autorretrato en la Cerde\u00f1a Salveje y Creatora &#8211; taller con Cristina Nu\u00f1ze\">\n            Autorretrato en la Cerde\u00f1a Salveje y Creatora &#8211; taller con Cristina Nu\u00f1ze            <\/a>\n    <\/h4>\t\n\t        <div class=\"eltd-bli-excerpt\">\n\t\t        \t\t<div class=\"eltd-post-excerpt-holder\">\n\t\t\t<p itemprop=\"description\" class=\"eltd-post-excerpt\">\n\t\t\t\tEl autorretrato: herramienta art\u00edstica por aprender de s\u00ed mismos y de los dem\u00e1s.\u00a0\u00a0\u00a0\u00a0\u00a0\u00a0\u00a0\u00a0\u00a0\u00a0\u00a0\u00a0\u00a0\u00a0\u00a0\u00a0\u00a0\u00a0\u00a0\u00a0\u00a0\u00a0\u00a0\u00a0\u00a0\u00a0\u00a0\u00a0\u00a0\u00a0\u00a0\u00a0\u00a0\u00a0\u00a0\u00a0\u00a0\u00a0\u00a0\u00a0\u00a0\u00a0\u00a0\u00a0\u00a0\u00a0\u00a0\u00a0\u00a0\u00a0\u00a0\u00a0\u00a0\u00a0\u00a0\u00a0\u00a0\u00a0\u00a0\u00a0\u00a0\u00a0\u00a0\u00a0\u00a0\u00a0\u00a0\u00a0\u00a0\u00a0\u00a0\u00a0\u00a0\u00a0\u00a0\u00a0\u00a0\u00a0\u00a0\u00a0\u00a0\u00a0\u00a0\u00a0\u00a0\u00a0\u00a0\u00a0\u00a0\u00a0\u00a0\u00a0\u00a0\u00a0\u00a0\u00a0\u00a0\u00a0\u00a0\u00a0\u00a0\u00a0\u00a0\u00a0\u00a0\u00a0\u00a0\u00a0\u00a0\u00a0\u00a0\u00a0\u00a0\u00a0\u00a0\u00a0\u00a0\u00a0\u00a0\u00a0\u00a0\u00a0\u00a0\u00a0\u00a0\u00a0\u00a0 \n\nPara Fot\u00f2grafos y los que tienen solamente camara o smartphone\n\nPara quienes buscan una experiencia de aprendizaje en\t\t\t<\/p>\n\t\t<\/div>\n\t\t\t        \t<div class=\"eltd-post-read-more-button\">\n\t\t<a itemprop=\"url\" href=\"https:\/\/www.letregrazie.it\/es\/autorretrato-en-la-cerdena-salveje-y-creatora-taller-con-cristina-nunze\/\" target=\"_self\"  class=\"eltd-btn eltd-btn-medium eltd-btn-simple eltd-blog-list-button eltd-btn-line-left\"  >    <span class=\"eltd-btn-text\">READ MORE<\/span>        <\/a>\t<\/div>\n\t\t\t\t\t        <\/div>\n        <\/div>\n\t<\/div>\n<\/li>\t\t<\/ul>\n\t<\/div>\n\t<\/div>[\/vc_column][\/vc_row][vc_row full_width=\u00bbstretch_row\u00bb content_placement=\u00bbmiddle\u00bb simple_background_color=\u00bb#ffffff\u00bb][vc_column width=\u00bb1\/4&#8243;][vc_empty_space][vc_row_inner content_placement=\u00bbmiddle\u00bb][vc_column_inner width=\u00bb1\/2&#8243;][vc_single_image image=\u00bb5442&#8243; alignment=\u00bbcenter\u00bb onclick=\u00bbcustom_link\u00bb img_link_target=\u00bb_blank\u00bb link=\u00bbhttps:\/\/www.trivago.it\/it\/srl\/bed-breakfast-le-tre-grazie-alghero?search=100-1117775;dr-20220228-20220301&#8243;][\/vc_column_inner][vc_column_inner width=\u00bb1\/2&#8243;][vc_single_image image=\u00bb5452&#8243; alignment=\u00bbcenter\u00bb onclick=\u00bbcustom_link\u00bb img_link_target=\u00bb_blank\u00bb link=\u00bbhttps:\/\/www.tripadvisor.it\/Hotel_Review-g2301687-d1606646-Reviews-Agriturismo_Le_Tre_Grazie-Santa_Maria_La_Palma_Alghero_Province_of_Sassari_Sardinia.html\u00bb][\/vc_column_inner][\/vc_row_inner][vc_empty_space][\/vc_column][vc_column width=\u00bb1\/4&#8243;][vc_empty_space][vc_row_inner content_placement=\u00bbmiddle\u00bb][vc_column_inner width=\u00bb1\/2&#8243;][vc_single_image image=\u00bb5436&#8243; alignment=\u00bbcenter\u00bb onclick=\u00bbcustom_link\u00bb img_link_target=\u00bb_blank\u00bb link=\u00bbhttp:\/\/www.asinaraviva.it\u00bb][\/vc_column_inner][vc_column_inner width=\u00bb1\/2&#8243;][vc_single_image image=\u00bb5435&#8243; alignment=\u00bbcenter\u00bb onclick=\u00bbcustom_link\u00bb img_link_target=\u00bb_blank\u00bb link=\u00bbhttp:\/\/www.asinara4x4.com\u00bb][\/vc_column_inner][\/vc_row_inner][vc_empty_space][\/vc_column][vc_column width=\u00bb1\/4&#8243;][vc_empty_space][vc_row_inner content_placement=\u00bbmiddle\u00bb][vc_column_inner width=\u00bb1\/2&#8243;][vc_single_image image=\u00bb5439&#8243; alignment=\u00bbcenter\u00bb onclick=\u00bbcustom_link\u00bb img_link_target=\u00bb_blank\u00bb link=\u00bbhttp:\/\/www.dogsitter.it\u00bb][\/vc_column_inner][vc_column_inner width=\u00bb1\/2&#8243;][vc_single_image image=\u00bb5445&#8243; alignment=\u00bbcenter\u00bb onclick=\u00bbcustom_link\u00bb img_link_target=\u00bb_blank\u00bb link=\u00bbhttp:\/\/www.topbnb.it\u00bb][\/vc_column_inner][\/vc_row_inner][vc_empty_space][\/vc_column][vc_column width=\u00bb1\/4&#8243;][vc_empty_space][vc_row_inner content_placement=\u00bbmiddle\u00bb][vc_column_inner width=\u00bb1\/2&#8243;][vc_single_image image=\u00bb5443&#8243; alignment=\u00bbcenter\u00bb onclick=\u00bbcustom_link\u00bb img_link_target=\u00bb_blank\u00bb link=\u00bbhttp:\/\/www.lovelyitalia.it\u00bb][\/vc_column_inner][vc_column_inner width=\u00bb1\/2&#8243;][vc_single_image image=\u00bb5434&#8243; alignment=\u00bbcenter\u00bb onclick=\u00bbcustom_link\u00bb img_link_target=\u00bb_blank\u00bb link=\u00bbhttps:\/\/www.agriturismo.it\/it\/agriturismi\/sardegna\/sassari\/LeTreGrazie-3140964\/index.html\u00bb][\/vc_column_inner][\/vc_row_inner][vc_empty_space][\/vc_column][\/vc_row]<\/p>\n","protected":false},"excerpt":{"rendered":"<p>[vc_row full_width=\u00bbstretch_row\u00bb equal_height=\u00bbyes\u00bb][vc_column][vc_empty_space][\/vc_column][\/vc_row][vc_row full_width=\u00bbstretch_row\u00bb content_placement=\u00bbmiddle\u00bb simple_background_color=\u00bb#ffffff\u00bb][vc_column width=\u00bb1\/4&#8243;][vc_empty_space][vc_row_inner content_placement=\u00bbmiddle\u00bb][vc_column_inner width=\u00bb1\/2&#8243;][vc_single_image image=\u00bb5442&#8243; alignment=\u00bbcenter\u00bb onclick=\u00bbcustom_link\u00bb img_link_target=\u00bb_blank\u00bb link=\u00bbhttps:\/\/www.trivago.it\/it\/srl\/bed-breakfast-le-tre-grazie-alghero?search=100-1117775;dr-20220228-20220301&#8243;][\/vc_column_inner][vc_column_inner width=\u00bb1\/2&#8243;][vc_single_image image=\u00bb5452&#8243; alignment=\u00bbcenter\u00bb onclick=\u00bbcustom_link\u00bb img_link_target=\u00bb_blank\u00bb [&hellip;]<\/p>\n","protected":false},"author":1,"featured_media":0,"parent":0,"menu_order":0,"comment_status":"closed","ping_status":"closed","template":"full-width.php","meta":{"footnotes":""},"class_list":["post-10664","page","type-page","status-publish","hentry"],"yoast_head":"<!-- This site is optimized with the Yoast SEO plugin v24.0 - https:\/\/yoast.com\/wordpress\/plugins\/seo\/ -->\n<title>Archivo news - Le Tre Grazie<\/title>\n<meta name=\"robots\" content=\"index, follow, max-snippet:-1, max-image-preview:large, max-video-preview:-1\" \/>\n<link rel=\"canonical\" href=\"https:\/\/www.letregrazie.it\/es\/archivo-news\/\" \/>\n<meta property=\"og:locale\" content=\"es_ES\" \/>\n<meta property=\"og:type\" content=\"article\" \/>\n<meta property=\"og:title\" content=\"Archivo news - Le Tre Grazie\" \/>\n<meta property=\"og:description\" content=\"[vc_row full_width=\u00bbstretch_row\u00bb equal_height=\u00bbyes\u00bb][vc_column][vc_empty_space][\/vc_column][\/vc_row][vc_row full_width=\u00bbstretch_row\u00bb content_placement=\u00bbmiddle\u00bb simple_background_color=\u00bb#ffffff\u00bb][vc_column width=\u00bb1\/4&#8243;][vc_empty_space][vc_row_inner content_placement=\u00bbmiddle\u00bb][vc_column_inner width=\u00bb1\/2&#8243;][vc_single_image image=\u00bb5442&#8243; alignment=\u00bbcenter\u00bb onclick=\u00bbcustom_link\u00bb img_link_target=\u00bb_blank\u00bb link=\u00bbhttps:\/\/www.trivago.it\/it\/srl\/bed-breakfast-le-tre-grazie-alghero?search=100-1117775;dr-20220228-20220301&#8243;][\/vc_column_inner][vc_column_inner width=\u00bb1\/2&#8243;][vc_single_image image=\u00bb5452&#8243; alignment=\u00bbcenter\u00bb onclick=\u00bbcustom_link\u00bb img_link_target=\u00bb_blank\u00bb [&hellip;]\" \/>\n<meta property=\"og:url\" content=\"https:\/\/www.letregrazie.it\/es\/archivo-news\/\" \/>\n<meta property=\"og:site_name\" content=\"Le Tre Grazie\" \/>\n<meta property=\"article:modified_time\" content=\"2022-03-07T16:44:22+00:00\" \/>\n<meta name=\"twitter:card\" content=\"summary_large_image\" \/>\n<meta name=\"twitter:label1\" content=\"Tiempo de lectura\" \/>\n\t<meta name=\"twitter:data1\" content=\"1 minuto\" \/>\n<script type=\"application\/ld+json\" class=\"yoast-schema-graph\">{\"@context\":\"https:\/\/schema.org\",\"@graph\":[{\"@type\":\"WebPage\",\"@id\":\"https:\/\/www.letregrazie.it\/es\/archivo-news\/\",\"url\":\"https:\/\/www.letregrazie.it\/es\/archivo-news\/\",\"name\":\"Archivo news - Le Tre Grazie\",\"isPartOf\":{\"@id\":\"https:\/\/www.letregrazie.it\/#website\"},\"datePublished\":\"2022-02-25T16:18:12+00:00\",\"dateModified\":\"2022-03-07T16:44:22+00:00\",\"breadcrumb\":{\"@id\":\"https:\/\/www.letregrazie.it\/es\/archivo-news\/#breadcrumb\"},\"inLanguage\":\"es\",\"potentialAction\":[{\"@type\":\"ReadAction\",\"target\":[\"https:\/\/www.letregrazie.it\/es\/archivo-news\/\"]}]},{\"@type\":\"BreadcrumbList\",\"@id\":\"https:\/\/www.letregrazie.it\/es\/archivo-news\/#breadcrumb\",\"itemListElement\":[{\"@type\":\"ListItem\",\"position\":1,\"name\":\"Home\",\"item\":\"https:\/\/www.letregrazie.it\/es\/\"},{\"@type\":\"ListItem\",\"position\":2,\"name\":\"Archivo news\"}]},{\"@type\":\"WebSite\",\"@id\":\"https:\/\/www.letregrazie.it\/#website\",\"url\":\"https:\/\/www.letregrazie.it\/\",\"name\":\"Le Tre Grazie\",\"description\":\"\",\"potentialAction\":[{\"@type\":\"SearchAction\",\"target\":{\"@type\":\"EntryPoint\",\"urlTemplate\":\"https:\/\/www.letregrazie.it\/?s={search_term_string}\"},\"query-input\":{\"@type\":\"PropertyValueSpecification\",\"valueRequired\":true,\"valueName\":\"search_term_string\"}}],\"inLanguage\":\"es\"}]}<\/script>\n<!-- \/ Yoast SEO plugin. -->","yoast_head_json":{"title":"Archivo news - Le Tre Grazie","robots":{"index":"index","follow":"follow","max-snippet":"max-snippet:-1","max-image-preview":"max-image-preview:large","max-video-preview":"max-video-preview:-1"},"canonical":"https:\/\/www.letregrazie.it\/es\/archivo-news\/","og_locale":"es_ES","og_type":"article","og_title":"Archivo news - Le Tre Grazie","og_description":"[vc_row full_width=\u00bbstretch_row\u00bb equal_height=\u00bbyes\u00bb][vc_column][vc_empty_space][\/vc_column][\/vc_row][vc_row full_width=\u00bbstretch_row\u00bb content_placement=\u00bbmiddle\u00bb simple_background_color=\u00bb#ffffff\u00bb][vc_column width=\u00bb1\/4&#8243;][vc_empty_space][vc_row_inner content_placement=\u00bbmiddle\u00bb][vc_column_inner width=\u00bb1\/2&#8243;][vc_single_image image=\u00bb5442&#8243; alignment=\u00bbcenter\u00bb onclick=\u00bbcustom_link\u00bb img_link_target=\u00bb_blank\u00bb link=\u00bbhttps:\/\/www.trivago.it\/it\/srl\/bed-breakfast-le-tre-grazie-alghero?search=100-1117775;dr-20220228-20220301&#8243;][\/vc_column_inner][vc_column_inner width=\u00bb1\/2&#8243;][vc_single_image image=\u00bb5452&#8243; alignment=\u00bbcenter\u00bb onclick=\u00bbcustom_link\u00bb img_link_target=\u00bb_blank\u00bb [&hellip;]","og_url":"https:\/\/www.letregrazie.it\/es\/archivo-news\/","og_site_name":"Le Tre Grazie","article_modified_time":"2022-03-07T16:44:22+00:00","twitter_card":"summary_large_image","twitter_misc":{"Tiempo de lectura":"1 minuto"},"schema":{"@context":"https:\/\/schema.org","@graph":[{"@type":"WebPage","@id":"https:\/\/www.letregrazie.it\/es\/archivo-news\/","url":"https:\/\/www.letregrazie.it\/es\/archivo-news\/","name":"Archivo news - Le Tre Grazie","isPartOf":{"@id":"https:\/\/www.letregrazie.it\/#website"},"datePublished":"2022-02-25T16:18:12+00:00","dateModified":"2022-03-07T16:44:22+00:00","breadcrumb":{"@id":"https:\/\/www.letregrazie.it\/es\/archivo-news\/#breadcrumb"},"inLanguage":"es","potentialAction":[{"@type":"ReadAction","target":["https:\/\/www.letregrazie.it\/es\/archivo-news\/"]}]},{"@type":"BreadcrumbList","@id":"https:\/\/www.letregrazie.it\/es\/archivo-news\/#breadcrumb","itemListElement":[{"@type":"ListItem","position":1,"name":"Home","item":"https:\/\/www.letregrazie.it\/es\/"},{"@type":"ListItem","position":2,"name":"Archivo news"}]},{"@type":"WebSite","@id":"https:\/\/www.letregrazie.it\/#website","url":"https:\/\/www.letregrazie.it\/","name":"Le Tre Grazie","description":"","potentialAction":[{"@type":"SearchAction","target":{"@type":"EntryPoint","urlTemplate":"https:\/\/www.letregrazie.it\/?s={search_term_string}"},"query-input":{"@type":"PropertyValueSpecification","valueRequired":true,"valueName":"search_term_string"}}],"inLanguage":"es"}]}},"_links":{"self":[{"href":"https:\/\/www.letregrazie.it\/es\/wp-json\/wp\/v2\/pages\/10664","targetHints":{"allow":["GET"]}}],"collection":[{"href":"https:\/\/www.letregrazie.it\/es\/wp-json\/wp\/v2\/pages"}],"about":[{"href":"https:\/\/www.letregrazie.it\/es\/wp-json\/wp\/v2\/types\/page"}],"author":[{"embeddable":true,"href":"https:\/\/www.letregrazie.it\/es\/wp-json\/wp\/v2\/users\/1"}],"replies":[{"embeddable":true,"href":"https:\/\/www.letregrazie.it\/es\/wp-json\/wp\/v2\/comments?post=10664"}],"version-history":[{"count":3,"href":"https:\/\/www.letregrazie.it\/es\/wp-json\/wp\/v2\/pages\/10664\/revisions"}],"predecessor-version":[{"id":10828,"href":"https:\/\/www.letregrazie.it\/es\/wp-json\/wp\/v2\/pages\/10664\/revisions\/10828"}],"wp:attachment":[{"href":"https:\/\/www.letregrazie.it\/es\/wp-json\/wp\/v2\/media?parent=10664"}],"curies":[{"name":"wp","href":"https:\/\/api.w.org\/{rel}","templated":true}]}}