{"id":10648,"date":"2022-02-25T11:20:59","date_gmt":"2022-02-25T10:20:59","guid":{"rendered":"https:\/\/www.letregrazie.it\/listino\/"},"modified":"2026-01-09T18:47:44","modified_gmt":"2026-01-09T17:47:44","slug":"tarifs","status":"publish","type":"page","link":"https:\/\/www.letregrazie.it\/fr\/tarifs\/","title":{"rendered":"Tarifs"},"content":{"rendered":"<p>[vc_row gap=\u00a0\u00bb10&Prime; content_placement=\u00a0\u00bbtop\u00a0\u00bb row_content_width=\u00a0\u00bbgrid\u00a0\u00bb css=\u00a0\u00bb.vc_custom_1645785282591{padding-top: 40px !important;}\u00a0\u00bb][vc_column]<div class=\"eltd-elements-holder   eltd-one-column  eltd-responsive-mode-768 \" ><div class=\"eltd-eh-item  eltd-vertical-alignment-top eltd-horizontal-alignment-center \"  data-item-class=\"eltd-eh-custom-2527\">\n\t<div class=\"eltd-eh-item-inner\">\n\t\t<div class=\"eltd-eh-item-content eltd-eh-custom-2527\" >\n\t\t\t\t\t<\/div>\n\t<\/div>\n<\/div><\/div>[\/vc_column][\/vc_row][vc_row gap=\u00a0\u00bb10&Prime; content_placement=\u00a0\u00bbtop\u00a0\u00bb row_content_width=\u00a0\u00bbgrid\u00a0\u00bb css=\u00a0\u00bb.vc_custom_1645785282591{padding-top: 40px !important;}\u00a0\u00bb][vc_column]<div class=\"eltd-elements-holder   eltd-three-columns  eltd-responsive-mode-768 \" ><div class=\"eltd-eh-item  eltd-vertical-alignment-top  \"  data-item-class=\"eltd-eh-custom-6057\">\n\t<div class=\"eltd-eh-item-inner\">\n\t\t<div class=\"eltd-eh-item-content eltd-eh-custom-6057\" >\n\t\t\t<div class=\"eltd-iwt clearfix  eltd-iwt-icon-left eltd-iwt-icon-small \">\n\t<div class=\"eltd-iwt-icon\">\n\t\t\t\t\t\t\t\t\t    <span class=\"eltd-icon-shortcode eltd-normal   eltd-icon-small\"  >\n                    <i class=\"eltd-icon-font-awesome fa fa-building eltd-icon-element\" style=\"\" ><\/i>            <\/span>\n\t\t\t\t\t\t<\/div>\n\t<div class=\"eltd-iwt-content\" >\n\t\t\t\t\t<h4 class=\"eltd-iwt-title\" >\n\t\t\t\t\t\t\t\t<span class=\"eltd-iwt-title-text\">Tarifs des appartements<\/span>\n\t\t\t\t\t\t\t<\/h4>\n\t\t\t\t\t<\/div>\n<\/div>[vc_column_text css=\u00a0\u00bb.vc_custom_1733418835141{padding-left: 45px !important;}\u00a0\u00bb]<strong>Basse saison<\/strong> : s\u00e9jour minimum de 3 nuits<br \/>\n<strong>Haute saison<\/strong> : s\u00e9jour minimum de 7 nuits<\/p>\n<p><strong>Tarifs des appartements<\/strong><\/p>\n<ul>\n<li>De 80 \u20ac \u00e0 150 \u20ac par jour.<\/li>\n<li>Pour un devis personnalis\u00e9, veuillez contacter directement l\u2019agritourisme.<\/li>\n<\/ul>\n<p>[\/vc_column_text]\t\t<\/div>\n\t<\/div>\n<\/div><div class=\"eltd-eh-item  eltd-vertical-alignment-top  \"  data-item-class=\"eltd-eh-custom-8716\">\n\t<div class=\"eltd-eh-item-inner\">\n\t\t<div class=\"eltd-eh-item-content eltd-eh-custom-8716\" >\n\t\t\t<div class=\"eltd-iwt clearfix  eltd-iwt-icon-left eltd-iwt-icon-small \">\n\t<div class=\"eltd-iwt-icon\">\n\t\t\t\t\t\t\t\t\t    <span class=\"eltd-icon-shortcode eltd-normal   eltd-icon-small\"  >\n                    <i class=\"eltd-icon-font-awesome fa fa-coffee eltd-icon-element\" style=\"\" ><\/i>            <\/span>\n\t\t\t\t\t\t<\/div>\n\t<div class=\"eltd-iwt-content\" >\n\t\t\t\t\t<h4 class=\"eltd-iwt-title\" >\n\t\t\t\t\t\t\t\t<span class=\"eltd-iwt-title-text\">Repas<\/span>\n\t\t\t\t\t\t\t<\/h4>\n\t\t\t\t\t<\/div>\n<\/div>[vc_column_text css=\u00a0\u00bb.vc_custom_1733418862825{padding-left: 50px !important;}\u00a0\u00bb]Nous collaborons avec les agritourismes suivants pour le d\u00eener (sur r\u00e9servation) : <em>Li Misteri<\/em>, <em>Agriturismo Agave<\/em> et <em>Fattoria La Traccia<\/em>.<\/p>\n<ul>\n<li>Le co\u00fbt varie entre 30 \u20ac et 35 \u20ac par personne, boissons incluses.<\/li>\n<li>Tarifs r\u00e9duits pour les enfants.<\/li>\n<\/ul>\n<p>[\/vc_column_text]\t\t<\/div>\n\t<\/div>\n<\/div><\/div>[\/vc_column][\/vc_row][vc_row][vc_column][vc_empty_space height=\u00a0\u00bb50px\u00a0\u00bb][\/vc_column][\/vc_row][vc_row gap=\u00a0\u00bb10&Prime; content_placement=\u00a0\u00bbtop\u00a0\u00bb row_content_width=\u00a0\u00bbgrid\u00a0\u00bb css=\u00a0\u00bb.vc_custom_1646064667664{padding-top: 40px !important;padding-bottom: 40px !important;}\u00a0\u00bb simple_background_color=\u00a0\u00bb#f7f8f9&Prime;][vc_column]<div class=\"eltd-elements-holder   eltd-two-columns  eltd-responsive-mode-768 \" ><div class=\"eltd-eh-item  eltd-vertical-alignment-top  \"  data-item-class=\"eltd-eh-custom-5894\">\n\t<div class=\"eltd-eh-item-inner\">\n\t\t<div class=\"eltd-eh-item-content eltd-eh-custom-5894\" >\n\t\t\t<div class=\"eltd-iwt clearfix  eltd-iwt-icon-left eltd-iwt-icon-small \">\n\t<div class=\"eltd-iwt-icon\">\n\t\t\t\t\t\t\t\t\t    <span class=\"eltd-icon-shortcode eltd-normal   eltd-icon-small\"  >\n                    <i class=\"eltd-icon-font-awesome fa fa-check eltd-icon-element\" style=\"\" ><\/i>            <\/span>\n\t\t\t\t\t\t<\/div>\n\t<div class=\"eltd-iwt-content\" >\n\t\t\t\t\t<h4 class=\"eltd-iwt-title\" >\n\t\t\t\t\t\t\t\t<span class=\"eltd-iwt-title-text\">Check-in<\/span>\n\t\t\t\t\t\t\t<\/h4>\n\t\t\t\t\t<\/div>\n<\/div>[vc_column_text css=\u00a0\u00bb.vc_custom_1646327134998{padding-left: 50px !important;}\u00a0\u00bb]<strong>Check-in<\/strong> de 10:30 \u00e0 00:30<br \/>\n<strong>Check-out<\/strong>\u00a010:00[\/vc_column_text]\t\t<\/div>\n\t<\/div>\n<\/div><div class=\"eltd-eh-item    \"  data-item-class=\"eltd-eh-custom-3241\">\n\t<div class=\"eltd-eh-item-inner\">\n\t\t<div class=\"eltd-eh-item-content eltd-eh-custom-3241\" >\n\t\t\t<div class=\"eltd-iwt clearfix  eltd-iwt-icon-left eltd-iwt-icon-small \">\n\t<div class=\"eltd-iwt-icon\">\n\t\t\t\t\t\t\t\t\t    <span class=\"eltd-icon-shortcode eltd-normal   eltd-icon-small\"  >\n                    <i class=\"eltd-icon-font-awesome fa fa-money eltd-icon-element\" style=\"\" ><\/i>            <\/span>\n\t\t\t\t\t\t<\/div>\n\t<div class=\"eltd-iwt-content\" >\n\t\t\t\t\t<h4 class=\"eltd-iwt-title\" >\n\t\t\t\t\t\t\t\t<span class=\"eltd-iwt-title-text\">Modalit\u00e9s de paiement<\/span>\n\t\t\t\t\t\t\t<\/h4>\n\t\t\t\t\t<\/div>\n<\/div>[vc_column_text css=\u00a0\u00bb.vc_custom_1646327470118{padding-left: 50px !important;}\u00a0\u00bb]Virement bancaire et de tr\u00e9sorerie.<\/p>\n<p>Pour r\u00e9server, il suffit de verser un acompte de 30% et de nous faire parvenir le re\u00e7u par <a href=\"mailto:info@letregrazie.it\">info@letregrazie.it<\/a> ou par fax au n\u00b0 079.999093.[\/vc_column_text]\t\t<\/div>\n\t<\/div>\n<\/div><\/div>[\/vc_column][\/vc_row][vc_row][vc_column][vc_empty_space height=\u00a0\u00bb50px\u00a0\u00bb][\/vc_column][\/vc_row][vc_row gap=\u00a0\u00bb10&Prime; content_placement=\u00a0\u00bbtop\u00a0\u00bb row_content_width=\u00a0\u00bbgrid\u00a0\u00bb css=\u00a0\u00bb.vc_custom_1645785282591{padding-top: 40px !important;}\u00a0\u00bb][vc_column]<div class=\"eltd-elements-holder   eltd-two-columns  eltd-responsive-mode-768 \" ><div class=\"eltd-eh-item  eltd-vertical-alignment-top  \"  data-item-class=\"eltd-eh-custom-8294\">\n\t<div class=\"eltd-eh-item-inner\">\n\t\t<div class=\"eltd-eh-item-content eltd-eh-custom-8294\" >\n\t\t\t<div class=\"eltd-iwt clearfix  eltd-iwt-icon-left eltd-iwt-icon-small \">\n\t<div class=\"eltd-iwt-icon\">\n\t\t\t\t\t\t\t\t\t    <span class=\"eltd-icon-shortcode eltd-normal   eltd-icon-small\"  >\n                    <i class=\"eltd-icon-font-awesome fa fa-ticket eltd-icon-element\" style=\"\" ><\/i>            <\/span>\n\t\t\t\t\t\t<\/div>\n\t<div class=\"eltd-iwt-content\" >\n\t\t\t\t\t<h4 class=\"eltd-iwt-title\" >\n\t\t\t\t\t\t\t\t<span class=\"eltd-iwt-title-text\">La taxe de s\u00e8jour, d\u00f9 \u00e0 la commune d&#039;Alghero<\/span>\n\t\t\t\t\t\t\t<\/h4>\n\t\t\t\t\t<\/div>\n<\/div>[vc_column_text css=\u00a0\u00bb.vc_custom_1767980861609{padding-left: 50px !important;}\u00a0\u00bb]La taxe de s\u00e9jour pour la commune d&rsquo;Alghero<br \/>\nest de <strong>2 \u20ac par personne et par jour<\/strong> pour les 7 premiers jours du s\u00e9jour.<\/p>\n<p><em>Les enfants de 0 \u00e0 12 ans en sont exempt\u00e9s.<\/em>[\/vc_column_text]\t\t<\/div>\n\t<\/div>\n<\/div><div class=\"eltd-eh-item  eltd-vertical-alignment-top  \"  data-item-class=\"eltd-eh-custom-6819\">\n\t<div class=\"eltd-eh-item-inner\">\n\t\t<div class=\"eltd-eh-item-content eltd-eh-custom-6819\" >\n\t\t\t<div class=\"eltd-iwt clearfix  eltd-iwt-icon-left eltd-iwt-icon-small \">\n\t<div class=\"eltd-iwt-icon\">\n\t\t\t\t\t\t\t\t\t    <span class=\"eltd-icon-shortcode eltd-normal   eltd-icon-small\"  >\n                    <i class=\"eltd-icon-font-awesome fa fa-info eltd-icon-element\" style=\"\" ><\/i>            <\/span>\n\t\t\t\t\t\t<\/div>\n\t<div class=\"eltd-iwt-content\" >\n\t\t\t\t\t<h4 class=\"eltd-iwt-title\" >\n\t\t\t\t\t\t\t\t<span class=\"eltd-iwt-title-text\">Info<\/span>\n\t\t\t\t\t\t\t<\/h4>\n\t\t\t\t\t<\/div>\n<\/div>[vc_column_text css=\u00a0\u00bb.vc_custom_1646327376703{padding-left: 35px !important;}\u00a0\u00bb]Nos tarifs comprennent l&rsquo;acc\u00e8s aux <a style=\"color: #3b3b3b;\" href=\"https:\/\/www.letregrazie.it\/fr\/services\/\"><strong>servizi <\/strong><\/a>r\u00e9pertori\u00e9s sur ce site.[\/vc_column_text]\t\t<\/div>\n\t<\/div>\n<\/div><\/div>[\/vc_column][\/vc_row][vc_row][vc_column][vc_empty_space height=\u00a0\u00bb100px\u00a0\u00bb][\/vc_column][\/vc_row][vc_row full_width=\u00a0\u00bbstretch_row\u00a0\u00bb content_placement=\u00a0\u00bbmiddle\u00a0\u00bb simple_background_color=\u00a0\u00bb#ffffff\u00a0\u00bb][vc_column width=\u00a0\u00bb1\/4&Prime;][vc_empty_space][vc_row_inner content_placement=\u00a0\u00bbmiddle\u00a0\u00bb][vc_column_inner width=\u00a0\u00bb1\/2&Prime;][vc_single_image image=\u00a0\u00bb5442&Prime; alignment=\u00a0\u00bbcenter\u00a0\u00bb onclick=\u00a0\u00bbcustom_link\u00a0\u00bb img_link_target=\u00a0\u00bb_blank\u00a0\u00bb link=\u00a0\u00bbhttps:\/\/www.trivago.it\/it\/srl\/bed-breakfast-le-tre-grazie-alghero?search=100-1117775;dr-20220228-20220301&Prime;][\/vc_column_inner][vc_column_inner width=\u00a0\u00bb1\/2&Prime;][vc_single_image image=\u00a0\u00bb5452&Prime; alignment=\u00a0\u00bbcenter\u00a0\u00bb onclick=\u00a0\u00bbcustom_link\u00a0\u00bb img_link_target=\u00a0\u00bb_blank\u00a0\u00bb link=\u00a0\u00bbhttps:\/\/www.tripadvisor.it\/Hotel_Review-g2301687-d1606646-Reviews-Agriturismo_Le_Tre_Grazie-Santa_Maria_La_Palma_Alghero_Province_of_Sassari_Sardinia.html\u00a0\u00bb][\/vc_column_inner][\/vc_row_inner][vc_empty_space][\/vc_column][vc_column width=\u00a0\u00bb1\/4&Prime;][vc_empty_space][vc_row_inner content_placement=\u00a0\u00bbmiddle\u00a0\u00bb][vc_column_inner width=\u00a0\u00bb1\/2&Prime;][vc_single_image image=\u00a0\u00bb5436&Prime; alignment=\u00a0\u00bbcenter\u00a0\u00bb onclick=\u00a0\u00bbcustom_link\u00a0\u00bb img_link_target=\u00a0\u00bb_blank\u00a0\u00bb link=\u00a0\u00bbhttp:\/\/www.asinaraviva.it\u00a0\u00bb][\/vc_column_inner][vc_column_inner width=\u00a0\u00bb1\/2&Prime;][vc_single_image image=\u00a0\u00bb5435&Prime; alignment=\u00a0\u00bbcenter\u00a0\u00bb onclick=\u00a0\u00bbcustom_link\u00a0\u00bb img_link_target=\u00a0\u00bb_blank\u00a0\u00bb link=\u00a0\u00bbhttp:\/\/www.asinara4x4.com\u00a0\u00bb][\/vc_column_inner][\/vc_row_inner][vc_empty_space][\/vc_column][vc_column width=\u00a0\u00bb1\/4&Prime;][vc_empty_space][vc_row_inner content_placement=\u00a0\u00bbmiddle\u00a0\u00bb][vc_column_inner width=\u00a0\u00bb1\/2&Prime;][vc_single_image image=\u00a0\u00bb5439&Prime; alignment=\u00a0\u00bbcenter\u00a0\u00bb onclick=\u00a0\u00bbcustom_link\u00a0\u00bb img_link_target=\u00a0\u00bb_blank\u00a0\u00bb link=\u00a0\u00bbhttp:\/\/www.dogsitter.it\u00a0\u00bb][\/vc_column_inner][vc_column_inner width=\u00a0\u00bb1\/2&Prime;][vc_single_image image=\u00a0\u00bb5445&Prime; alignment=\u00a0\u00bbcenter\u00a0\u00bb onclick=\u00a0\u00bbcustom_link\u00a0\u00bb img_link_target=\u00a0\u00bb_blank\u00a0\u00bb link=\u00a0\u00bbhttp:\/\/www.topbnb.it\u00a0\u00bb][\/vc_column_inner][\/vc_row_inner][vc_empty_space][\/vc_column][vc_column width=\u00a0\u00bb1\/4&Prime;][vc_empty_space][vc_row_inner content_placement=\u00a0\u00bbmiddle\u00a0\u00bb][vc_column_inner width=\u00a0\u00bb1\/2&Prime;][vc_single_image image=\u00a0\u00bb5443&Prime; alignment=\u00a0\u00bbcenter\u00a0\u00bb onclick=\u00a0\u00bbcustom_link\u00a0\u00bb img_link_target=\u00a0\u00bb_blank\u00a0\u00bb link=\u00a0\u00bbhttp:\/\/www.lovelyitalia.it\u00a0\u00bb][\/vc_column_inner][vc_column_inner width=\u00a0\u00bb1\/2&Prime;][vc_single_image image=\u00a0\u00bb5434&Prime; alignment=\u00a0\u00bbcenter\u00a0\u00bb onclick=\u00a0\u00bbcustom_link\u00a0\u00bb img_link_target=\u00a0\u00bb_blank\u00a0\u00bb link=\u00a0\u00bbhttps:\/\/www.agriturismo.it\/it\/agriturismi\/sardegna\/sassari\/LeTreGrazie-3140964\/index.html\u00a0\u00bb][\/vc_column_inner][\/vc_row_inner][vc_empty_space][\/vc_column][\/vc_row]<\/p>\n","protected":false},"excerpt":{"rendered":"<p>[vc_row gap=\u00a0\u00bb10&Prime; content_placement=\u00a0\u00bbtop\u00a0\u00bb row_content_width=\u00a0\u00bbgrid\u00a0\u00bb css=\u00a0\u00bb.vc_custom_1645785282591{padding-top: 40px !important;}\u00a0\u00bb][vc_column][\/vc_column][\/vc_row][vc_row gap=\u00a0\u00bb10&Prime; content_placement=\u00a0\u00bbtop\u00a0\u00bb row_content_width=\u00a0\u00bbgrid\u00a0\u00bb css=\u00a0\u00bb.vc_custom_1645785282591{padding-top: 40px !important;}\u00a0\u00bb][vc_column][\/vc_column][\/vc_row][vc_row][vc_column][vc_empty_space height=\u00a0\u00bb50px\u00a0\u00bb][\/vc_column][\/vc_row][vc_row gap=\u00a0\u00bb10&Prime; content_placement=\u00a0\u00bbtop\u00a0\u00bb row_content_width=\u00a0\u00bbgrid\u00a0\u00bb css=\u00a0\u00bb.vc_custom_1646064667664{padding-top: 40px [&hellip;]<\/p>\n","protected":false},"author":1,"featured_media":0,"parent":0,"menu_order":0,"comment_status":"closed","ping_status":"closed","template":"full-width.php","meta":{"footnotes":""},"class_list":["post-10648","page","type-page","status-publish","hentry"],"yoast_head":"<!-- This site is optimized with the Yoast SEO plugin v24.0 - https:\/\/yoast.com\/wordpress\/plugins\/seo\/ -->\n<title>Tarifs - Le Tre Grazie<\/title>\n<meta name=\"robots\" content=\"index, follow, max-snippet:-1, max-image-preview:large, max-video-preview:-1\" \/>\n<link rel=\"canonical\" href=\"https:\/\/www.letregrazie.it\/fr\/tarifs\/\" \/>\n<meta property=\"og:locale\" content=\"fr_FR\" \/>\n<meta property=\"og:type\" content=\"article\" \/>\n<meta property=\"og:title\" content=\"Tarifs - Le Tre Grazie\" \/>\n<meta property=\"og:description\" content=\"[vc_row gap=\u00a0\u00bb10&Prime; content_placement=\u00a0\u00bbtop\u00a0\u00bb row_content_width=\u00a0\u00bbgrid\u00a0\u00bb css=\u00a0\u00bb.vc_custom_1645785282591{padding-top: 40px !important;}\u00a0\u00bb][vc_column][\/vc_column][\/vc_row][vc_row gap=\u00a0\u00bb10&Prime; content_placement=\u00a0\u00bbtop\u00a0\u00bb row_content_width=\u00a0\u00bbgrid\u00a0\u00bb css=\u00a0\u00bb.vc_custom_1645785282591{padding-top: 40px !important;}\u00a0\u00bb][vc_column][\/vc_column][\/vc_row][vc_row][vc_column][vc_empty_space height=\u00a0\u00bb50px\u00a0\u00bb][\/vc_column][\/vc_row][vc_row gap=\u00a0\u00bb10&Prime; content_placement=\u00a0\u00bbtop\u00a0\u00bb row_content_width=\u00a0\u00bbgrid\u00a0\u00bb css=\u00a0\u00bb.vc_custom_1646064667664{padding-top: 40px [&hellip;]\" \/>\n<meta property=\"og:url\" content=\"https:\/\/www.letregrazie.it\/fr\/tarifs\/\" \/>\n<meta property=\"og:site_name\" content=\"Le Tre Grazie\" \/>\n<meta property=\"article:modified_time\" content=\"2026-01-09T17:47:44+00:00\" \/>\n<meta name=\"twitter:card\" content=\"summary_large_image\" \/>\n<meta name=\"twitter:label1\" content=\"Dur\u00e9e de lecture estim\u00e9e\" \/>\n\t<meta name=\"twitter:data1\" content=\"2 minutes\" \/>\n<script type=\"application\/ld+json\" class=\"yoast-schema-graph\">{\"@context\":\"https:\/\/schema.org\",\"@graph\":[{\"@type\":\"WebPage\",\"@id\":\"https:\/\/www.letregrazie.it\/fr\/tarifs\/\",\"url\":\"https:\/\/www.letregrazie.it\/fr\/tarifs\/\",\"name\":\"Tarifs - Le Tre Grazie\",\"isPartOf\":{\"@id\":\"https:\/\/www.letregrazie.it\/#website\"},\"datePublished\":\"2022-02-25T10:20:59+00:00\",\"dateModified\":\"2026-01-09T17:47:44+00:00\",\"breadcrumb\":{\"@id\":\"https:\/\/www.letregrazie.it\/fr\/tarifs\/#breadcrumb\"},\"inLanguage\":\"fr-FR\",\"potentialAction\":[{\"@type\":\"ReadAction\",\"target\":[\"https:\/\/www.letregrazie.it\/fr\/tarifs\/\"]}]},{\"@type\":\"BreadcrumbList\",\"@id\":\"https:\/\/www.letregrazie.it\/fr\/tarifs\/#breadcrumb\",\"itemListElement\":[{\"@type\":\"ListItem\",\"position\":1,\"name\":\"Home\",\"item\":\"https:\/\/www.letregrazie.it\/fr\/\"},{\"@type\":\"ListItem\",\"position\":2,\"name\":\"Tarifs\"}]},{\"@type\":\"WebSite\",\"@id\":\"https:\/\/www.letregrazie.it\/#website\",\"url\":\"https:\/\/www.letregrazie.it\/\",\"name\":\"Le Tre Grazie\",\"description\":\"\",\"potentialAction\":[{\"@type\":\"SearchAction\",\"target\":{\"@type\":\"EntryPoint\",\"urlTemplate\":\"https:\/\/www.letregrazie.it\/?s={search_term_string}\"},\"query-input\":{\"@type\":\"PropertyValueSpecification\",\"valueRequired\":true,\"valueName\":\"search_term_string\"}}],\"inLanguage\":\"fr-FR\"}]}<\/script>\n<!-- \/ Yoast SEO plugin. -->","yoast_head_json":{"title":"Tarifs - Le Tre Grazie","robots":{"index":"index","follow":"follow","max-snippet":"max-snippet:-1","max-image-preview":"max-image-preview:large","max-video-preview":"max-video-preview:-1"},"canonical":"https:\/\/www.letregrazie.it\/fr\/tarifs\/","og_locale":"fr_FR","og_type":"article","og_title":"Tarifs - Le Tre Grazie","og_description":"[vc_row gap=\u00a0\u00bb10&Prime; content_placement=\u00a0\u00bbtop\u00a0\u00bb row_content_width=\u00a0\u00bbgrid\u00a0\u00bb css=\u00a0\u00bb.vc_custom_1645785282591{padding-top: 40px !important;}\u00a0\u00bb][vc_column][\/vc_column][\/vc_row][vc_row gap=\u00a0\u00bb10&Prime; content_placement=\u00a0\u00bbtop\u00a0\u00bb row_content_width=\u00a0\u00bbgrid\u00a0\u00bb css=\u00a0\u00bb.vc_custom_1645785282591{padding-top: 40px !important;}\u00a0\u00bb][vc_column][\/vc_column][\/vc_row][vc_row][vc_column][vc_empty_space height=\u00a0\u00bb50px\u00a0\u00bb][\/vc_column][\/vc_row][vc_row gap=\u00a0\u00bb10&Prime; content_placement=\u00a0\u00bbtop\u00a0\u00bb row_content_width=\u00a0\u00bbgrid\u00a0\u00bb css=\u00a0\u00bb.vc_custom_1646064667664{padding-top: 40px [&hellip;]","og_url":"https:\/\/www.letregrazie.it\/fr\/tarifs\/","og_site_name":"Le Tre Grazie","article_modified_time":"2026-01-09T17:47:44+00:00","twitter_card":"summary_large_image","twitter_misc":{"Dur\u00e9e de lecture estim\u00e9e":"2 minutes"},"schema":{"@context":"https:\/\/schema.org","@graph":[{"@type":"WebPage","@id":"https:\/\/www.letregrazie.it\/fr\/tarifs\/","url":"https:\/\/www.letregrazie.it\/fr\/tarifs\/","name":"Tarifs - Le Tre Grazie","isPartOf":{"@id":"https:\/\/www.letregrazie.it\/#website"},"datePublished":"2022-02-25T10:20:59+00:00","dateModified":"2026-01-09T17:47:44+00:00","breadcrumb":{"@id":"https:\/\/www.letregrazie.it\/fr\/tarifs\/#breadcrumb"},"inLanguage":"fr-FR","potentialAction":[{"@type":"ReadAction","target":["https:\/\/www.letregrazie.it\/fr\/tarifs\/"]}]},{"@type":"BreadcrumbList","@id":"https:\/\/www.letregrazie.it\/fr\/tarifs\/#breadcrumb","itemListElement":[{"@type":"ListItem","position":1,"name":"Home","item":"https:\/\/www.letregrazie.it\/fr\/"},{"@type":"ListItem","position":2,"name":"Tarifs"}]},{"@type":"WebSite","@id":"https:\/\/www.letregrazie.it\/#website","url":"https:\/\/www.letregrazie.it\/","name":"Le Tre Grazie","description":"","potentialAction":[{"@type":"SearchAction","target":{"@type":"EntryPoint","urlTemplate":"https:\/\/www.letregrazie.it\/?s={search_term_string}"},"query-input":{"@type":"PropertyValueSpecification","valueRequired":true,"valueName":"search_term_string"}}],"inLanguage":"fr-FR"}]}},"_links":{"self":[{"href":"https:\/\/www.letregrazie.it\/fr\/wp-json\/wp\/v2\/pages\/10648","targetHints":{"allow":["GET"]}}],"collection":[{"href":"https:\/\/www.letregrazie.it\/fr\/wp-json\/wp\/v2\/pages"}],"about":[{"href":"https:\/\/www.letregrazie.it\/fr\/wp-json\/wp\/v2\/types\/page"}],"author":[{"embeddable":true,"href":"https:\/\/www.letregrazie.it\/fr\/wp-json\/wp\/v2\/users\/1"}],"replies":[{"embeddable":true,"href":"https:\/\/www.letregrazie.it\/fr\/wp-json\/wp\/v2\/comments?post=10648"}],"version-history":[{"count":8,"href":"https:\/\/www.letregrazie.it\/fr\/wp-json\/wp\/v2\/pages\/10648\/revisions"}],"predecessor-version":[{"id":11446,"href":"https:\/\/www.letregrazie.it\/fr\/wp-json\/wp\/v2\/pages\/10648\/revisions\/11446"}],"wp:attachment":[{"href":"https:\/\/www.letregrazie.it\/fr\/wp-json\/wp\/v2\/media?parent=10648"}],"curies":[{"name":"wp","href":"https:\/\/api.w.org\/{rel}","templated":true}]}}